{"id":3979,"date":"2025-07-03T07:02:12","date_gmt":"2025-07-03T07:02:12","guid":{"rendered":"https:\/\/www.hg-cooker.com\/?post_type=product&#038;p=3979"},"modified":"2026-04-10T10:13:57","modified_gmt":"2026-04-10T10:13:57","slug":"milchkannchen-aus-edelstahl-im-groshandel-8","status":"publish","type":"product","link":"https:\/\/www.hg-cooker.com\/de\/produkt\/milchkannchen-aus-edelstahl-im-groshandel-8\/","title":{"rendered":"Bulk Mini Schnellkochtopf Factory Direct Sales, mit Knopfschalter Design"},"content":{"rendered":"<div class=\"wp-block-columns is-layout-flex wp-container-core-columns-is-layout-9d6595d7 wp-block-columns-is-layout-flex\">\n<div class=\"wp-block-column is-layout-flow wp-block-column-is-layout-flow\">\n<h2 class=\"wp-block-heading\">Parameter des Mini-Schnellkochtopfs<\/h2>\n\n\n\n<p><strong>Produktname<\/strong>: Hengguang Mini-Schnellkochtopf<br><br><strong>Material des Produkts<\/strong>: 304#Edelstahl (Deckel) + dreilagiger Edelstahl (Topfk\u00f6rper) <br><br><strong>Stil<\/strong>: Edelstahl-Innenwand \/ Antihaft-Innenwand<br><br><strong>Kapazit\u00e4t<\/strong>: 0.8L\/1.2L\/1.6L\/2.0L<br><br><strong>Geeigneter Herd<\/strong>: Der Mini-Schnellkochtopf unterst\u00fctzt Gasherd\/offene Flamme\/Induktionsherd<br><\/p>\n<\/div>\n\n\n\n<div class=\"wp-block-column is-layout-flow wp-block-column-is-layout-flow\">\n<h2 class=\"wp-block-heading\">Benutzerdefinierte Mini-Schnellkochtopf-Optionen<\/h2>\n\n\n\n<p><strong>Logo<\/strong>: Gestalten Sie Ihr Markenlogo auf Produkt und Verpackung.<br><br><strong>Beschichtung<\/strong>: Antihaftbeschichtung \/ Edelstahl <br><br><strong>Gr\u00f6\u00dfe<\/strong>: Passen Sie verschiedene Gr\u00f6\u00dfen von Mini-Schnellkochtopf nach Ihren Bed\u00fcrfnissen.<br><br><strong>Paket<\/strong>: Karton\/Farbkasten.<br><br><a href=\"https:\/\/www.hg-cooker.com\/de\/custom-solution\/\" data-type=\"page\" data-id=\"2793\" target=\"_blank\" rel=\"noreferrer noopener\"><strong>Mehr Details zur Anpassung erkunden<\/strong><\/a><\/p>\n<\/div>\n<\/div>\n\n\n\n<div class=\"wp-block-columns is-layout-flex wp-container-core-columns-is-layout-9d6595d7 wp-block-columns-is-layout-flex\">\n<div class=\"wp-block-column is-layout-flow wp-block-column-is-layout-flow\">\n<figure class=\"wp-block-image size-full\"><img fetchpriority=\"high\" decoding=\"async\" width=\"790\" height=\"1000\" src=\"https:\/\/www.hg-cooker.com\/wp-content\/uploads\/2024\/07\/Wholesale-mini-pressure-cooker-specifications-and-details-2.webp\" alt=\"Gro\u00dfhandel Mini-Schnellkochtopf Spezifikationen und Details\" class=\"wp-image-3986\" srcset=\"https:\/\/www.hg-cooker.com\/wp-content\/uploads\/2024\/07\/Wholesale-mini-pressure-cooker-specifications-and-details-2.webp 790w, https:\/\/www.hg-cooker.com\/wp-content\/uploads\/2024\/07\/Wholesale-mini-pressure-cooker-specifications-and-details-2-119x150.webp 119w, https:\/\/www.hg-cooker.com\/wp-content\/uploads\/2024\/07\/Wholesale-mini-pressure-cooker-specifications-and-details-2-521x660.webp 521w, https:\/\/www.hg-cooker.com\/wp-content\/uploads\/2024\/07\/Wholesale-mini-pressure-cooker-specifications-and-details-2-237x300.webp 237w, https:\/\/www.hg-cooker.com\/wp-content\/uploads\/2024\/07\/Wholesale-mini-pressure-cooker-specifications-and-details-2-768x972.webp 768w, https:\/\/www.hg-cooker.com\/wp-content\/uploads\/2024\/07\/Wholesale-mini-pressure-cooker-specifications-and-details-2-9x12.webp 9w, https:\/\/www.hg-cooker.com\/wp-content\/uploads\/2024\/07\/Wholesale-mini-pressure-cooker-specifications-and-details-2-285x361.webp 285w\" sizes=\"(max-width: 790px) 100vw, 790px\" \/><\/figure>\n<\/div>\n\n\n\n<div class=\"wp-block-column is-layout-flow wp-block-column-is-layout-flow\">\n<figure class=\"wp-block-image size-full\"><img decoding=\"async\" width=\"790\" height=\"1000\" src=\"https:\/\/www.hg-cooker.com\/wp-content\/uploads\/2024\/07\/Wholesale-mini-pressure-cooker-specifications-and-details-1.webp\" alt=\"Gro\u00dfhandel Mini-Schnellkochtopf Spezifikationen und Details\" class=\"wp-image-3985\" srcset=\"https:\/\/www.hg-cooker.com\/wp-content\/uploads\/2024\/07\/Wholesale-mini-pressure-cooker-specifications-and-details-1.webp 790w, https:\/\/www.hg-cooker.com\/wp-content\/uploads\/2024\/07\/Wholesale-mini-pressure-cooker-specifications-and-details-1-119x150.webp 119w, https:\/\/www.hg-cooker.com\/wp-content\/uploads\/2024\/07\/Wholesale-mini-pressure-cooker-specifications-and-details-1-521x660.webp 521w, https:\/\/www.hg-cooker.com\/wp-content\/uploads\/2024\/07\/Wholesale-mini-pressure-cooker-specifications-and-details-1-237x300.webp 237w, https:\/\/www.hg-cooker.com\/wp-content\/uploads\/2024\/07\/Wholesale-mini-pressure-cooker-specifications-and-details-1-768x972.webp 768w, https:\/\/www.hg-cooker.com\/wp-content\/uploads\/2024\/07\/Wholesale-mini-pressure-cooker-specifications-and-details-1-9x12.webp 9w, https:\/\/www.hg-cooker.com\/wp-content\/uploads\/2024\/07\/Wholesale-mini-pressure-cooker-specifications-and-details-1-285x361.webp 285w\" sizes=\"(max-width: 790px) 100vw, 790px\" \/><\/figure>\n<\/div>\n<\/div>\n\n\n\n<div class=\"wp-block-columns is-layout-flex wp-container-core-columns-is-layout-9d6595d7 wp-block-columns-is-layout-flex\">\n<div class=\"wp-block-column is-layout-flow wp-block-column-is-layout-flow\">\n<figure class=\"wp-block-image size-full\"><img decoding=\"async\" width=\"790\" height=\"1021\" src=\"https:\/\/www.hg-cooker.com\/wp-content\/uploads\/2024\/07\/Wholesale-mini-pressure-cooker-specifications-and-details-3.webp\" alt=\"Gro\u00dfhandel Mini-Schnellkochtopf Spezifikationen und Details\" class=\"wp-image-3987\" srcset=\"https:\/\/www.hg-cooker.com\/wp-content\/uploads\/2024\/07\/Wholesale-mini-pressure-cooker-specifications-and-details-3.webp 790w, https:\/\/www.hg-cooker.com\/wp-content\/uploads\/2024\/07\/Wholesale-mini-pressure-cooker-specifications-and-details-3-116x150.webp 116w, https:\/\/www.hg-cooker.com\/wp-content\/uploads\/2024\/07\/Wholesale-mini-pressure-cooker-specifications-and-details-3-511x660.webp 511w, https:\/\/www.hg-cooker.com\/wp-content\/uploads\/2024\/07\/Wholesale-mini-pressure-cooker-specifications-and-details-3-232x300.webp 232w, https:\/\/www.hg-cooker.com\/wp-content\/uploads\/2024\/07\/Wholesale-mini-pressure-cooker-specifications-and-details-3-768x993.webp 768w, https:\/\/www.hg-cooker.com\/wp-content\/uploads\/2024\/07\/Wholesale-mini-pressure-cooker-specifications-and-details-3-9x12.webp 9w, https:\/\/www.hg-cooker.com\/wp-content\/uploads\/2024\/07\/Wholesale-mini-pressure-cooker-specifications-and-details-3-285x368.webp 285w\" sizes=\"(max-width: 790px) 100vw, 790px\" \/><\/figure>\n<\/div>\n\n\n\n<div class=\"wp-block-column is-layout-flow wp-block-column-is-layout-flow\">\n<figure class=\"wp-block-image size-full\"><img loading=\"lazy\" decoding=\"async\" width=\"790\" height=\"1021\" src=\"https:\/\/www.hg-cooker.com\/wp-content\/uploads\/2024\/07\/Wholesale-mini-pressure-cooker-specifications-and-details-4.webp\" alt=\"Gro\u00dfhandel Mini-Schnellkochtopf Spezifikationen und Details\" class=\"wp-image-3988\" srcset=\"https:\/\/www.hg-cooker.com\/wp-content\/uploads\/2024\/07\/Wholesale-mini-pressure-cooker-specifications-and-details-4.webp 790w, https:\/\/www.hg-cooker.com\/wp-content\/uploads\/2024\/07\/Wholesale-mini-pressure-cooker-specifications-and-details-4-116x150.webp 116w, https:\/\/www.hg-cooker.com\/wp-content\/uploads\/2024\/07\/Wholesale-mini-pressure-cooker-specifications-and-details-4-511x660.webp 511w, https:\/\/www.hg-cooker.com\/wp-content\/uploads\/2024\/07\/Wholesale-mini-pressure-cooker-specifications-and-details-4-232x300.webp 232w, https:\/\/www.hg-cooker.com\/wp-content\/uploads\/2024\/07\/Wholesale-mini-pressure-cooker-specifications-and-details-4-768x993.webp 768w, https:\/\/www.hg-cooker.com\/wp-content\/uploads\/2024\/07\/Wholesale-mini-pressure-cooker-specifications-and-details-4-9x12.webp 9w, https:\/\/www.hg-cooker.com\/wp-content\/uploads\/2024\/07\/Wholesale-mini-pressure-cooker-specifications-and-details-4-285x368.webp 285w\" sizes=\"(max-width: 790px) 100vw, 790px\" \/><\/figure>\n<\/div>\n<\/div>","protected":false},"excerpt":{"rendered":"<p>Hengguang Mini-Schnellkochtopf Hersteller. Bietet verschiedene Arten von Mini-Schnellkocht\u00f6pfen an. Unsere Mini-Schnellkocht\u00f6pfe sind f\u00fcr Singles, kleine Familien und Outdoor-Fans geeignet. Sie sind nicht w\u00e4hlerisch in Bezug auf Herd und Einsatzumgebung und sind die besten Kochgehilfen. Bitte kontaktieren Sie uns f\u00fcr ein Angebot.<\/p>\n<h2>Eigenschaften und Vorteile des Mini-Schnellkochtopfs aus Edelstahl<\/h2>\n<div>\n<p><strong>Schnelles Kochen:<\/strong> Der Mini-Schnellkochtopf ist aus hochwertigem, dreischichtigem Edelstahl gefertigt, und der Innendruck betr\u00e4gt beim Kochen 90 kpa. Reis kann in 5 Minuten gekocht werden, und Lebensmittel k\u00f6nnen schnell gekocht werden.<\/p>\n<p><strong>Praktisches Design:<\/strong> Dieser Mini-Schnellkochtopf ist mit einem Knopfschalter ausgestattet, der leicht zu bedienen ist und auch von Kochanf\u00e4ngern problemlos genutzt werden kann.<\/p>\n<p><strong>Gute Sicherheit:<\/strong> Der Mini-Schnellkochtopf verf\u00fcgt \u00fcber mehrere Sicherheitsvorrichtungen wie ein explosionssicheres Ventil und eine Sicherheitsverriegelung. Die Dicke des Topfk\u00f6rpers betr\u00e4gt 22 mm und ist damit 2,75-mal so dick wie ein gew\u00f6hnlicher Topf, was die Verwendung sicherer macht.<\/p>\n<p><strong>Niedriges MOQ:<\/strong> Hengguang bietet flexible Gro\u00dfhandelsoptionen und unterst\u00fctzt niedrige MOQ, die f\u00fcr Einzelh\u00e4ndler und Distributoren geeignet sind, um unterschiedliche Kundenanforderungen zu erf\u00fcllen.<\/p>\n<\/div>","protected":false},"featured_media":7030,"comment_status":"closed","ping_status":"closed","template":"","meta":[],"product_brand":[],"product_cat":[49],"product_tag":[],"class_list":{"0":"post-3979","1":"product","2":"type-product","3":"status-publish","4":"has-post-thumbnail","6":"product_cat-mini-pressure-cooker","8":"first","9":"instock","10":"shipping-taxable","11":"product-type-simple"},"_links":{"self":[{"href":"https:\/\/www.hg-cooker.com\/de\/wp-json\/wp\/v2\/product\/3979","targetHints":{"allow":["GET"]}}],"collection":[{"href":"https:\/\/www.hg-cooker.com\/de\/wp-json\/wp\/v2\/product"}],"about":[{"href":"https:\/\/www.hg-cooker.com\/de\/wp-json\/wp\/v2\/types\/product"}],"replies":[{"embeddable":true,"href":"https:\/\/www.hg-cooker.com\/de\/wp-json\/wp\/v2\/comments?post=3979"}],"wp:featuredmedia":[{"embeddable":true,"href":"https:\/\/www.hg-cooker.com\/de\/wp-json\/wp\/v2\/media\/7030"}],"wp:attachment":[{"href":"https:\/\/www.hg-cooker.com\/de\/wp-json\/wp\/v2\/media?parent=3979"}],"wp:term":[{"taxonomy":"product_brand","embeddable":true,"href":"https:\/\/www.hg-cooker.com\/de\/wp-json\/wp\/v2\/product_brand?post=3979"},{"taxonomy":"product_cat","embeddable":true,"href":"https:\/\/www.hg-cooker.com\/de\/wp-json\/wp\/v2\/product_cat?post=3979"},{"taxonomy":"product_tag","embeddable":true,"href":"https:\/\/www.hg-cooker.com\/de\/wp-json\/wp\/v2\/product_tag?post=3979"}],"curies":[{"name":"wp","href":"https:\/\/api.w.org\/{rel}","templated":true}]}}