{"id":3969,"date":"2025-08-17T06:04:37","date_gmt":"2025-08-17T06:04:37","guid":{"rendered":"https:\/\/www.hg-cooker.com\/?post_type=product&#038;p=3969"},"modified":"2025-11-13T02:22:15","modified_gmt":"2025-11-13T02:22:15","slug":"milchkannchen-aus-edelstahl-im-groshandel-7","status":"publish","type":"product","link":"https:\/\/www.hg-cooker.com\/de\/produkt\/milchkannchen-aus-edelstahl-im-groshandel-7\/","title":{"rendered":"Gro\u00dfhandel Kleine Edelstahl Schnellkochtopf (0.8L - 2.0L), effizientes Kochen, Unterst\u00fctzung OEM und ODM"},"content":{"rendered":"<div class=\"wp-block-columns is-layout-flex wp-container-core-columns-is-layout-9d6595d7 wp-block-columns-is-layout-flex\">\n<div class=\"wp-block-column is-layout-flow wp-block-column-is-layout-flow\">\n<h3 class=\"wp-block-heading\">Parameter des kleinen Schnellkochtopfs aus Edelstahl<\/h3>\n\n\n\n<figure class=\"wp-block-table\"><table class=\"has-fixed-layout\"><tbody><tr><td>Produktname<\/td><td>Material<\/td><td>Stil<\/td><td>Kapazit\u00e4t<\/td><td>Geeigneter Herd<\/td><\/tr><tr><td>Hengguang Kleiner Schnellkochtopf aus Edelstahl<\/td><td>304# Edelstahl (Deckel) + Dreischicht-Edelstahl (Topfk\u00f6rper)<\/td><td>Rostfreier Stahl \/ Antihaftbeschichtung<\/td><td>0,8L \/ 1,2L \/ 1,6L \/ 2,0L<\/td><td>Gasherd \/ Offene Flamme \/ Induktionsherd<\/td><\/tr><\/tbody><\/table><\/figure>\n\n\n\n<h3 class=\"wp-block-heading\">Kundenspezifische Optionen f\u00fcr Schnellkocht\u00f6pfe aus Edelstahl<\/h3>\n\n\n\n<p><strong>Logo<\/strong>: Gestalten Sie Ihr Markenlogo auf Produkt und Verpackung.<br><br><strong>Beschichtung<\/strong>: Antihaftbeschichtung \/ Edelstahl <br><br><strong>Gr\u00f6\u00dfe<\/strong>: Ma\u00dfgeschneiderte Schnellkochtopfgr\u00f6\u00dfen.<br><br><strong>Verpackung<\/strong>: Karton \/ Farbkarton.<br><br><a href=\"https:\/\/www.hg-cooker.com\/de\/custom-solution\/\" data-type=\"page\" data-id=\"2793\" target=\"_blank\" rel=\"noreferrer noopener\"><strong>Entdecken Sie weitere ma\u00dfgeschneiderte L\u00f6sungen f\u00fcr Schnellkocht\u00f6pfe aus Edelstahl.<\/strong><\/a><\/p>\n<\/div>\n<\/div>\n\n\n\n<div class=\"wp-block-columns is-layout-flex wp-container-core-columns-is-layout-9d6595d7 wp-block-columns-is-layout-flex\">\n<div class=\"wp-block-column is-layout-flow wp-block-column-is-layout-flow\">\n<figure class=\"wp-block-image size-full\"><img fetchpriority=\"high\" decoding=\"async\" width=\"790\" height=\"1349\" src=\"https:\/\/www.hg-cooker.com\/wp-content\/uploads\/2024\/07\/small-stainless-steel-pressure-cooker-details-1.jpg\" alt=\"kleiner Schnellkochtopf aus Edelstahl Details (1)\" class=\"wp-image-4893\" srcset=\"https:\/\/www.hg-cooker.com\/wp-content\/uploads\/2024\/07\/small-stainless-steel-pressure-cooker-details-1.jpg 790w, https:\/\/www.hg-cooker.com\/wp-content\/uploads\/2024\/07\/small-stainless-steel-pressure-cooker-details-1-88x150.jpg 88w, https:\/\/www.hg-cooker.com\/wp-content\/uploads\/2024\/07\/small-stainless-steel-pressure-cooker-details-1-387x660.jpg 387w, https:\/\/www.hg-cooker.com\/wp-content\/uploads\/2024\/07\/small-stainless-steel-pressure-cooker-details-1-176x300.jpg 176w, https:\/\/www.hg-cooker.com\/wp-content\/uploads\/2024\/07\/small-stainless-steel-pressure-cooker-details-1-768x1311.jpg 768w, https:\/\/www.hg-cooker.com\/wp-content\/uploads\/2024\/07\/small-stainless-steel-pressure-cooker-details-1-7x12.jpg 7w, https:\/\/www.hg-cooker.com\/wp-content\/uploads\/2024\/07\/small-stainless-steel-pressure-cooker-details-1-285x487.jpg 285w\" sizes=\"(max-width: 790px) 100vw, 790px\" \/><\/figure>\n<\/div>\n\n\n\n<div class=\"wp-block-column is-layout-flow wp-block-column-is-layout-flow\">\n<figure class=\"wp-block-image size-full\"><img decoding=\"async\" width=\"790\" height=\"1349\" src=\"https:\/\/www.hg-cooker.com\/wp-content\/uploads\/2024\/07\/small-stainless-steel-pressure-cooker-details-2.jpg\" alt=\"kleiner Schnellkochtopf aus Edelstahl Details (2)\" class=\"wp-image-4894\" srcset=\"https:\/\/www.hg-cooker.com\/wp-content\/uploads\/2024\/07\/small-stainless-steel-pressure-cooker-details-2.jpg 790w, https:\/\/www.hg-cooker.com\/wp-content\/uploads\/2024\/07\/small-stainless-steel-pressure-cooker-details-2-88x150.jpg 88w, https:\/\/www.hg-cooker.com\/wp-content\/uploads\/2024\/07\/small-stainless-steel-pressure-cooker-details-2-387x660.jpg 387w, https:\/\/www.hg-cooker.com\/wp-content\/uploads\/2024\/07\/small-stainless-steel-pressure-cooker-details-2-176x300.jpg 176w, https:\/\/www.hg-cooker.com\/wp-content\/uploads\/2024\/07\/small-stainless-steel-pressure-cooker-details-2-768x1311.jpg 768w, https:\/\/www.hg-cooker.com\/wp-content\/uploads\/2024\/07\/small-stainless-steel-pressure-cooker-details-2-7x12.jpg 7w, https:\/\/www.hg-cooker.com\/wp-content\/uploads\/2024\/07\/small-stainless-steel-pressure-cooker-details-2-285x487.jpg 285w\" sizes=\"(max-width: 790px) 100vw, 790px\" \/><\/figure>\n<\/div>\n<\/div>","protected":false},"excerpt":{"rendered":"<p>Gro\u00dfhandel kleine Edelstahl-Schnellkochtopf, aus dreifachem Edelstahl, der Topf K\u00f6rper Dicke erreicht 22mm, die 2,75 mal, dass der gew\u00f6hnliche T\u00f6pfe ist, kann der Innendruck 110kpa erreichen, bietet h\u00f6here Kocheffizienz, geeignet f\u00fcr Haus und im Freien schnelles Kochen. Wir bieten OEM und ODM, bitte kontaktieren Sie uns f\u00fcr ein Angebot.<\/p>\n<h3>Eigenschaften und Vorteile des kleinen Schnellkochtopfs aus Edelstahl<\/h3>\n<div>\n<p><strong>Schnelles Kochen:<\/strong> Der kleine Schnellkochtopf aus Edelstahl kocht Reis in nur 5 Minuten und hilft viel besch\u00e4ftigten Familien, schnell k\u00f6stliche Mahlzeiten zu genie\u00dfen.<\/p>\n<p><strong>Geeignet f\u00fcr 1-4 Personen:<\/strong> Wir bieten kleine Schnellkocht\u00f6pfe aus Edelstahl mit 0,8 l, 1,2 l, 1,6 l und 2,0 l Fassungsverm\u00f6gen an, die sich besonders f\u00fcr Singles eignen und bequemer zu benutzen sind.<\/p>\n<p><strong>Klein und tragbar:<\/strong> Der kleine Schnellkochtopf aus rostfreiem Stahl ist leicht zu transportieren und eignet sich sehr gut f\u00fcr kleine Familien und Camping im Freien.<\/p>\n<p><strong>Geeignet f\u00fcr verschiedene Umgebungen:<\/strong> Er ist aus hochwertigem dreischichtigem Edelstahl gefertigt und kann in verschiedenen extremen Umgebungen wie Hochebenen und Bergen eingesetzt werden, um ein sicheres und effizientes Kochen zu gew\u00e4hrleisten.<\/p>\n<p><strong>Vierfacher Sicherheitsschutz:<\/strong> Ausgestattet mit vier wichtigen Sicherheitsvorrichtungen wie Druckbegrenzungsventil, Sicherheitsventil, Alarmventil und Druckentlastungsfenster, um absolute Sicherheit beim Kochen unter hohem Druck zu gew\u00e4hrleisten.<\/p>\n<p><strong>Unterst\u00fctzung von Kleinserienbestellungen:<\/strong> Wir bieten einen Bestellservice f\u00fcr kleine Edelstahl-Schnellkocht\u00f6pfe an, der die Beschaffungsschwelle senkt und den Kunden mehr Auswahlm\u00f6glichkeiten bietet.<\/p>\n<p><strong>OEM- und ODM-Dienstleistungen:<\/strong> Mit fortschrittlichen Produktionskapazit\u00e4ten und erfahrenen Konstruktionsteams bieten wir Ihnen hochwertige, ma\u00dfgeschneiderte Schnellkochtopf-L\u00f6sungen<\/p>\n<\/div>","protected":false},"featured_media":4895,"comment_status":"closed","ping_status":"closed","template":"","meta":[],"product_brand":[],"product_cat":[54],"product_tag":[],"class_list":{"0":"post-3969","1":"product","2":"type-product","3":"status-publish","4":"has-post-thumbnail","6":"product_cat-pressure-cooker","8":"first","9":"instock","10":"shipping-taxable","11":"product-type-simple"},"_links":{"self":[{"href":"https:\/\/www.hg-cooker.com\/de\/wp-json\/wp\/v2\/product\/3969","targetHints":{"allow":["GET"]}}],"collection":[{"href":"https:\/\/www.hg-cooker.com\/de\/wp-json\/wp\/v2\/product"}],"about":[{"href":"https:\/\/www.hg-cooker.com\/de\/wp-json\/wp\/v2\/types\/product"}],"replies":[{"embeddable":true,"href":"https:\/\/www.hg-cooker.com\/de\/wp-json\/wp\/v2\/comments?post=3969"}],"wp:featuredmedia":[{"embeddable":true,"href":"https:\/\/www.hg-cooker.com\/de\/wp-json\/wp\/v2\/media\/4895"}],"wp:attachment":[{"href":"https:\/\/www.hg-cooker.com\/de\/wp-json\/wp\/v2\/media?parent=3969"}],"wp:term":[{"taxonomy":"product_brand","embeddable":true,"href":"https:\/\/www.hg-cooker.com\/de\/wp-json\/wp\/v2\/product_brand?post=3969"},{"taxonomy":"product_cat","embeddable":true,"href":"https:\/\/www.hg-cooker.com\/de\/wp-json\/wp\/v2\/product_cat?post=3969"},{"taxonomy":"product_tag","embeddable":true,"href":"https:\/\/www.hg-cooker.com\/de\/wp-json\/wp\/v2\/product_tag?post=3969"}],"curies":[{"name":"wp","href":"https:\/\/api.w.org\/{rel}","templated":true}]}}