{"id":3957,"date":"2024-09-28T03:20:29","date_gmt":"2024-09-28T03:20:29","guid":{"rendered":"https:\/\/www.hg-cooker.com\/?post_type=product&#038;p=3957"},"modified":"2026-04-20T09:26:52","modified_gmt":"2026-04-20T09:26:52","slug":"milchkannchen-aus-edelstahl-im-groshandel-6","status":"publish","type":"product","link":"https:\/\/www.hg-cooker.com\/de\/produkt\/milchkannchen-aus-edelstahl-im-groshandel-6\/","title":{"rendered":"Gro\u00dfhandel Mini Druckkocher f\u00fcr Camping, leicht zu tragen, geeignet f\u00fcr Camping und Outdoor-Einsatz, Unterst\u00fctzung OEM und ODM"},"content":{"rendered":"<div class=\"wp-block-columns is-layout-flex wp-container-core-columns-is-layout-9d6595d7 wp-block-columns-is-layout-flex\">\n<div class=\"wp-block-column is-layout-flow wp-block-column-is-layout-flow\">\n<h3 class=\"wp-block-heading\">Parameter des Mini-Schnellkochtopfs<\/h3>\n\n\n\n<figure class=\"wp-block-table\"><table class=\"has-fixed-layout\"><tbody><tr><td>Produktname<\/td><td>Material<\/td><td>Stil<\/td><td>Kapazit\u00e4t<\/td><td>Geeigneter Herd<\/td><\/tr><tr><td>Hengguang Mini-Schnellkochtopf<\/td><td>304# Edelstahl (Deckel) + Dreischicht-Edelstahl (Topfk\u00f6rper)<\/td><td>Rostfreier Stahl \/ Antihaftbeschichtung<\/td><td>0,8L \/ 1,2L \/ 1,6L \/ 2,0L<\/td><td>Gasherd \/ Offene Flamme \/ Induktionsherd<\/td><\/tr><\/tbody><\/table><\/figure>\n\n\n\n<h3 class=\"wp-block-heading\">Benutzerdefinierte Mini-Schnellkochtopf-Optionen<\/h3>\n\n\n\n<p><strong>Logo<\/strong>: Gestalten Sie Ihr Markenlogo auf Produkten und Verpackungen.<br><br><strong>Beschichtung<\/strong>: Antihaftbeschichtung\/ Edelstahl <br><br><strong>Gr\u00f6\u00dfe<\/strong>: Passen Sie die Gr\u00f6\u00dfe des Mini-Schnellkochtopfs an<br><br><strong>Verpackung:<\/strong> Karton\/Farbkasten.<br><br><a href=\"https:\/\/www.hg-cooker.com\/de\/groshandel-mini-schnellkochtopf-hersteller\/\" data-type=\"page\" data-id=\"2793\" target=\"_blank\" rel=\"noreferrer noopener\"><strong>Erfahren Sie mehr \u00fcber ma\u00dfgeschneiderte L\u00f6sungen f\u00fcr Mini-Schnellkocht\u00f6pfe.<\/strong><\/a><\/p>\n<\/div>\n<\/div>\n\n\n\n<div class=\"wp-block-columns is-layout-flex wp-container-core-columns-is-layout-9d6595d7 wp-block-columns-is-layout-flex\">\n<div class=\"wp-block-column is-layout-flow wp-block-column-is-layout-flow\">\n<figure class=\"wp-block-image size-full\"><img fetchpriority=\"high\" decoding=\"async\" width=\"790\" height=\"1252\" src=\"https:\/\/www.hg-cooker.com\/wp-content\/uploads\/2024\/07\/camping-mini-pressure-cooker-details-1.jpg\" alt=\"camping mini Schnellkochtopf details (1)\" class=\"wp-image-4888\" srcset=\"https:\/\/www.hg-cooker.com\/wp-content\/uploads\/2024\/07\/camping-mini-pressure-cooker-details-1.jpg 790w, https:\/\/www.hg-cooker.com\/wp-content\/uploads\/2024\/07\/camping-mini-pressure-cooker-details-1-95x150.jpg 95w, https:\/\/www.hg-cooker.com\/wp-content\/uploads\/2024\/07\/camping-mini-pressure-cooker-details-1-416x660.jpg 416w, https:\/\/www.hg-cooker.com\/wp-content\/uploads\/2024\/07\/camping-mini-pressure-cooker-details-1-189x300.jpg 189w, https:\/\/www.hg-cooker.com\/wp-content\/uploads\/2024\/07\/camping-mini-pressure-cooker-details-1-768x1217.jpg 768w, https:\/\/www.hg-cooker.com\/wp-content\/uploads\/2024\/07\/camping-mini-pressure-cooker-details-1-8x12.jpg 8w, https:\/\/www.hg-cooker.com\/wp-content\/uploads\/2024\/07\/camping-mini-pressure-cooker-details-1-285x452.jpg 285w\" sizes=\"(max-width: 790px) 100vw, 790px\" \/><\/figure>\n<\/div>\n\n\n\n<div class=\"wp-block-column is-layout-flow wp-block-column-is-layout-flow\">\n<figure class=\"wp-block-image size-full\"><img decoding=\"async\" width=\"790\" height=\"1252\" src=\"https:\/\/www.hg-cooker.com\/wp-content\/uploads\/2024\/07\/camping-mini-pressure-cooker-details-2.jpg\" alt=\"camping mini Schnellkochtopf details (2)\" class=\"wp-image-4889\" srcset=\"https:\/\/www.hg-cooker.com\/wp-content\/uploads\/2024\/07\/camping-mini-pressure-cooker-details-2.jpg 790w, https:\/\/www.hg-cooker.com\/wp-content\/uploads\/2024\/07\/camping-mini-pressure-cooker-details-2-95x150.jpg 95w, https:\/\/www.hg-cooker.com\/wp-content\/uploads\/2024\/07\/camping-mini-pressure-cooker-details-2-416x660.jpg 416w, https:\/\/www.hg-cooker.com\/wp-content\/uploads\/2024\/07\/camping-mini-pressure-cooker-details-2-189x300.jpg 189w, https:\/\/www.hg-cooker.com\/wp-content\/uploads\/2024\/07\/camping-mini-pressure-cooker-details-2-768x1217.jpg 768w, https:\/\/www.hg-cooker.com\/wp-content\/uploads\/2024\/07\/camping-mini-pressure-cooker-details-2-8x12.jpg 8w, https:\/\/www.hg-cooker.com\/wp-content\/uploads\/2024\/07\/camping-mini-pressure-cooker-details-2-285x452.jpg 285w\" sizes=\"(max-width: 790px) 100vw, 790px\" \/><\/figure>\n<\/div>\n<\/div>","protected":false},"excerpt":{"rendered":"<p>Gro\u00dfhandel Mini-Schnellkochtopf, geeignet f\u00fcr Camping und Outdoor-Aktivit\u00e4ten, leicht und einfach zu tragen, aus hochwertigem 304 Edelstahl und dreischichtige Verbundstruktur, unterst\u00fctzt eine Vielzahl von Herden, wie Gasherde, Induktionsherde, etc. Wir bieten niedrigen MOQ Gro\u00dfhandel Service, Unterst\u00fctzung OEM und ODM Anpassung, kontaktieren Sie uns f\u00fcr ein Angebot.<\/p>\n<h2>Eigenschaften und Vorteile des Mini-Schnellkochtopfs<\/h2>\n<div>\n<p><strong>Effizientes Kochen:<\/strong> Durch den hohen Druck und die hohe Temperatur des Mini-Schnellkochtopfs werden die Speisen schneller gegart, es wird Zeit gespart, mehr N\u00e4hrstoffe bleiben erhalten und der Geschmack der Speisen wird verbessert.<\/p>\n<p><strong>Leicht zu tragen:<\/strong> Dieser Mini-Schnellkochtopf ist kompakt, leicht und einfach zu transportieren, so dass er sich sehr gut f\u00fcr Camping, Outdoor-Abenteuer und Kochen im Freien eignet.<\/p>\n<p><strong>Hochwertiges Material:<\/strong> Der Topfk\u00f6rper des Mini-Schnellkochtopfs ist aus dreifachem Edelstahl gefertigt, der robust und langlebig ist und sich auch nach langer Zeit nicht verformt. Dreifach-Edelstahl hat eine bessere W\u00e4rmeleitf\u00e4higkeit, wodurch dieser Schnellkochtopf beim Kochen effizienter ist.<\/p>\n<p><strong>Mehrere Stile zur Auswahl:<\/strong> Wir bieten 3 verschiedene Modelle mit einem Fassungsverm\u00f6gen von 0,8 l, 1,2 l, 1,6 l, 2,0 l, 2,5 l, 3,0 l und 4 l usw. an, um den Bed\u00fcrfnissen von Einzelpersonen, Familien und mehreren Personen gerecht zu werden.<\/p>\n<p><strong>Schnelle Reinigung:<\/strong> Dank des hochwertigen Edelstahls haftet der Topfk\u00f6rper nicht so leicht an den Lebensmitteln und l\u00e4sst sich leicht und bequem reinigen.<\/p>\n<\/div>","protected":false},"featured_media":7037,"comment_status":"closed","ping_status":"closed","template":"","meta":[],"product_brand":[],"product_cat":[49],"product_tag":[],"class_list":{"0":"post-3957","1":"product","2":"type-product","3":"status-publish","4":"has-post-thumbnail","6":"product_cat-mini-pressure-cooker","8":"first","9":"instock","10":"shipping-taxable","11":"product-type-simple"},"_links":{"self":[{"href":"https:\/\/www.hg-cooker.com\/de\/wp-json\/wp\/v2\/product\/3957","targetHints":{"allow":["GET"]}}],"collection":[{"href":"https:\/\/www.hg-cooker.com\/de\/wp-json\/wp\/v2\/product"}],"about":[{"href":"https:\/\/www.hg-cooker.com\/de\/wp-json\/wp\/v2\/types\/product"}],"replies":[{"embeddable":true,"href":"https:\/\/www.hg-cooker.com\/de\/wp-json\/wp\/v2\/comments?post=3957"}],"wp:featuredmedia":[{"embeddable":true,"href":"https:\/\/www.hg-cooker.com\/de\/wp-json\/wp\/v2\/media\/7037"}],"wp:attachment":[{"href":"https:\/\/www.hg-cooker.com\/de\/wp-json\/wp\/v2\/media?parent=3957"}],"wp:term":[{"taxonomy":"product_brand","embeddable":true,"href":"https:\/\/www.hg-cooker.com\/de\/wp-json\/wp\/v2\/product_brand?post=3957"},{"taxonomy":"product_cat","embeddable":true,"href":"https:\/\/www.hg-cooker.com\/de\/wp-json\/wp\/v2\/product_cat?post=3957"},{"taxonomy":"product_tag","embeddable":true,"href":"https:\/\/www.hg-cooker.com\/de\/wp-json\/wp\/v2\/product_tag?post=3957"}],"curies":[{"name":"wp","href":"https:\/\/api.w.org\/{rel}","templated":true}]}}