{"id":3944,"date":"2025-09-06T01:47:20","date_gmt":"2025-09-06T01:47:20","guid":{"rendered":"https:\/\/www.hg-cooker.com\/?post_type=product&#038;p=3944"},"modified":"2025-09-13T01:51:53","modified_gmt":"2025-09-13T01:51:53","slug":"milchkannchen-aus-edelstahl-im-groshandel-5","status":"publish","type":"product","link":"https:\/\/www.hg-cooker.com\/de\/produkt\/milchkannchen-aus-edelstahl-im-groshandel-5\/","title":{"rendered":"Gro\u00dfhandel Tri Ply Edelstahl Kochgeschirr Set mit dickem Boden, Induktion Kochgeschirr"},"content":{"rendered":"<div class=\"wp-block-columns is-layout-flex wp-container-core-columns-is-layout-9d6595d7 wp-block-columns-is-layout-flex\">\n<div class=\"wp-block-column is-layout-flow wp-block-column-is-layout-flow\">\n<h3 class=\"wp-block-heading\">Parameter von verdickten Kochgeschirr-Sets<\/h3>\n\n\n\n<figure class=\"wp-block-table\"><table class=\"has-fixed-layout\"><tbody><tr><td>Produktname<\/td><td>Kochgeschirrset 3-tlg.<\/td><\/tr><tr><td>Material<\/td><td>304 Edelstahl<\/td><\/tr><tr><td>Gr\u00f6\u00dfe<\/td><td>Kochtopf 16cm, Suppentopf 20cm, Auflaufform 24cm<\/td><\/tr><tr><td>Unten<\/td><td>Dreifach zusammengesetzter Boden aus rostfreiem Stahl<\/td><\/tr><\/tbody><\/table><\/figure>\n\n\n\n<h3 class=\"wp-block-heading\">Ma\u00dfgeschneiderte Kochgeschirr-Optionen<\/h3>\n\n\n\n<p><strong>Logo:<\/strong> Gestalten Sie Ihr Markenlogo auf dem Produkt und der Verpackung.<br><strong>Material:<\/strong> Dreifach-Stahl \/ Edelstahl 304 \/ Edelstahl 316<br><strong>Beschichtung:<\/strong> Antihaftbeschichtung \/ Stahl \/ Wabenf\u00f6rmige physikalische Antihaftbeschichtung<br><strong>Gr\u00f6\u00dfe:<\/strong> Passen Sie verschiedene Gr\u00f6\u00dfen von Kochgeschirr-Sets an Ihre Bed\u00fcrfnisse an.<br><strong>Verpackung:<\/strong> Karton\/Farbkasten.<\/p>\n<\/div>\n<\/div>\n\n\n\n<div class=\"wp-block-columns is-layout-flex wp-container-core-columns-is-layout-9d6595d7 wp-block-columns-is-layout-flex\">\n<div class=\"wp-block-column is-layout-flow wp-block-column-is-layout-flow\">\n<figure class=\"wp-block-image size-full\"><img fetchpriority=\"high\" decoding=\"async\" width=\"790\" height=\"856\" src=\"https:\/\/www.hg-cooker.com\/wp-content\/uploads\/2024\/07\/stainless-steel-cookware-set-size-1.webp\" alt=\"Edelstahl-Kochgeschirr-Set Gr\u00f6\u00dfe (1)\" class=\"wp-image-4660\" srcset=\"https:\/\/www.hg-cooker.com\/wp-content\/uploads\/2024\/07\/stainless-steel-cookware-set-size-1.webp 790w, https:\/\/www.hg-cooker.com\/wp-content\/uploads\/2024\/07\/stainless-steel-cookware-set-size-1-138x150.webp 138w, https:\/\/www.hg-cooker.com\/wp-content\/uploads\/2024\/07\/stainless-steel-cookware-set-size-1-609x660.webp 609w, https:\/\/www.hg-cooker.com\/wp-content\/uploads\/2024\/07\/stainless-steel-cookware-set-size-1-277x300.webp 277w, https:\/\/www.hg-cooker.com\/wp-content\/uploads\/2024\/07\/stainless-steel-cookware-set-size-1-768x832.webp 768w, https:\/\/www.hg-cooker.com\/wp-content\/uploads\/2024\/07\/stainless-steel-cookware-set-size-1-11x12.webp 11w, https:\/\/www.hg-cooker.com\/wp-content\/uploads\/2024\/07\/stainless-steel-cookware-set-size-1-285x309.webp 285w\" sizes=\"(max-width: 790px) 100vw, 790px\" \/><\/figure>\n<\/div>\n\n\n\n<div class=\"wp-block-column is-layout-flow wp-block-column-is-layout-flow\">\n<figure class=\"wp-block-image size-full\"><img decoding=\"async\" width=\"790\" height=\"856\" src=\"https:\/\/www.hg-cooker.com\/wp-content\/uploads\/2024\/07\/stainless-steel-cookware-set-size-2.webp\" alt=\"Edelstahl-Kochgeschirr-Set Gr\u00f6\u00dfe (2)\" class=\"wp-image-4661\" srcset=\"https:\/\/www.hg-cooker.com\/wp-content\/uploads\/2024\/07\/stainless-steel-cookware-set-size-2.webp 790w, https:\/\/www.hg-cooker.com\/wp-content\/uploads\/2024\/07\/stainless-steel-cookware-set-size-2-138x150.webp 138w, https:\/\/www.hg-cooker.com\/wp-content\/uploads\/2024\/07\/stainless-steel-cookware-set-size-2-609x660.webp 609w, https:\/\/www.hg-cooker.com\/wp-content\/uploads\/2024\/07\/stainless-steel-cookware-set-size-2-277x300.webp 277w, https:\/\/www.hg-cooker.com\/wp-content\/uploads\/2024\/07\/stainless-steel-cookware-set-size-2-768x832.webp 768w, https:\/\/www.hg-cooker.com\/wp-content\/uploads\/2024\/07\/stainless-steel-cookware-set-size-2-11x12.webp 11w, https:\/\/www.hg-cooker.com\/wp-content\/uploads\/2024\/07\/stainless-steel-cookware-set-size-2-285x309.webp 285w\" sizes=\"(max-width: 790px) 100vw, 790px\" \/><\/figure>\n<\/div>\n<\/div>","protected":false},"excerpt":{"rendered":"<p>Gro\u00dfhandel dreifach Edelstahl Kochgeschirr Set, Hengguang Kochgeschirr Set Topf K\u00f6rper ist aus verdickten Lebensmittelqualit\u00e4t 304 Edelstahl, der Boden des Topfes ist aus dreischichtigen Edelstahl-Struktur, die Kochleistung auf verschiedenen Herden (einschlie\u00dflich Induktionsherde) verbessert gemacht. Das Set umfasst einen Schmortopf und einen Suppentopf, geeignet f\u00fcr den privaten und kommerziellen Gebrauch, bitte kontaktieren Sie uns.<\/p>\n<h2>Merkmale von Kochgeschirr-Sets aus verdicktem Edelstahl<\/h2>\n<div>\n<p><strong>Geeignet f\u00fcr mehrere \u00d6fen:<\/strong> Der Boden des dreilagigen Edelstahlkochgeschirrs besteht aus dreilagigem Verbund-Edelstahl und eignet sich daher f\u00fcr verschiedene Beheizungsmethoden wie Induktionsherde, Gasherde, Elektroherde usw. und erf\u00fcllt damit die unterschiedlichsten K\u00fcchenanforderungen.<\/p>\n<p><strong>Edelstahl 304 in Lebensmittelqualit\u00e4t:<\/strong> F\u00fcr das Kochgeschirr wird hochwertiger Edelstahl 304 verwendet, der keine sch\u00e4dlichen Stoffe enth\u00e4lt, sicher und ungiftig ist und die Gesundheit des Kochvorgangs gew\u00e4hrleistet.<\/p>\n<p><strong>Breites Einsatzspektrum:<\/strong> Die T\u00f6pfe des Kochgeschirrsets umfassen einen Suppentopf, einen Schmortopf und eine Pfanne, die sich zum Braten, Braten unter R\u00fchren, Kochen, Schmoren und f\u00fcr andere Kochmethoden eignen und eine umfassende Unterst\u00fctzung f\u00fcr die K\u00fcche zu Hause bieten.<\/p>\n<p><strong>Ergonomisches Design:<\/strong> Die T\u00f6pfe sind an beiden Enden mit verbreiterten, gro\u00dfen Griffen ausgestattet, die bequem in der Hand liegen und nicht so leicht abrutschen, so dass man die T\u00f6pfe w\u00e4hrend des Kochens bequem bewegen kann.<\/p>\n<p><strong>OEM- und ODM-Unterst\u00fctzung:<\/strong> Wir bieten professionelle OEM- und ODM-Dienstleistungen f\u00fcr kundenspezifisches Kochgeschirr an und k\u00f6nnen das Aussehen, die Gr\u00f6\u00dfe und die Funktionen des Kochgeschirrs nach den W\u00fcnschen unserer Kunden gestalten.<\/p>\n<\/div>","protected":false},"featured_media":4655,"comment_status":"closed","ping_status":"closed","template":"","meta":[],"product_brand":[],"product_cat":[52],"product_tag":[],"class_list":{"0":"post-3944","1":"product","2":"type-product","3":"status-publish","4":"has-post-thumbnail","6":"product_cat-stainless-steel-cookware","8":"first","9":"instock","10":"shipping-taxable","11":"product-type-simple"},"_links":{"self":[{"href":"https:\/\/www.hg-cooker.com\/de\/wp-json\/wp\/v2\/product\/3944","targetHints":{"allow":["GET"]}}],"collection":[{"href":"https:\/\/www.hg-cooker.com\/de\/wp-json\/wp\/v2\/product"}],"about":[{"href":"https:\/\/www.hg-cooker.com\/de\/wp-json\/wp\/v2\/types\/product"}],"replies":[{"embeddable":true,"href":"https:\/\/www.hg-cooker.com\/de\/wp-json\/wp\/v2\/comments?post=3944"}],"wp:featuredmedia":[{"embeddable":true,"href":"https:\/\/www.hg-cooker.com\/de\/wp-json\/wp\/v2\/media\/4655"}],"wp:attachment":[{"href":"https:\/\/www.hg-cooker.com\/de\/wp-json\/wp\/v2\/media?parent=3944"}],"wp:term":[{"taxonomy":"product_brand","embeddable":true,"href":"https:\/\/www.hg-cooker.com\/de\/wp-json\/wp\/v2\/product_brand?post=3944"},{"taxonomy":"product_cat","embeddable":true,"href":"https:\/\/www.hg-cooker.com\/de\/wp-json\/wp\/v2\/product_cat?post=3944"},{"taxonomy":"product_tag","embeddable":true,"href":"https:\/\/www.hg-cooker.com\/de\/wp-json\/wp\/v2\/product_tag?post=3944"}],"curies":[{"name":"wp","href":"https:\/\/api.w.org\/{rel}","templated":true}]}}