{"id":3934,"date":"2025-09-02T15:33:57","date_gmt":"2025-09-02T15:33:57","guid":{"rendered":"https:\/\/www.hg-cooker.com\/?post_type=product&#038;p=3934"},"modified":"2025-09-13T02:04:54","modified_gmt":"2025-09-13T02:04:54","slug":"milchkannchen-aus-edelstahl-im-groshandel-4","status":"publish","type":"product","link":"https:\/\/www.hg-cooker.com\/de\/produkt\/milchkannchen-aus-edelstahl-im-groshandel-4\/","title":{"rendered":"Gro\u00dfhandel Non-Stick Tri Ply Edelstahl Wok mit Dampfer und Deckel - Hengguang Cookware Hersteller"},"content":{"rendered":"<div class=\"wp-block-columns is-layout-flex wp-container-core-columns-is-layout-9d6595d7 wp-block-columns-is-layout-flex\">\n<div class=\"wp-block-column is-layout-flow wp-block-column-is-layout-flow\">\n<h3 class=\"wp-block-heading\">Parameter des antihaftbeschichteten Tri-Ply-Edelstahl-Woks<\/h3>\n\n\n\n<figure class=\"wp-block-table\"><table class=\"has-fixed-layout\"><tbody><tr><td>Produktname<\/td><td>Bratpfanne aus dreilagigem Verbundwerkstoff aus Edelstahl<\/td><\/tr><tr><td>Produkt Material<\/td><td>304 Edelstahl &amp; dreilagiger Verbundstahl<\/td><\/tr><tr><td>Geeigneter Herd<\/td><td>Strahlungsherd \/ Halogenofen \/ Gasherd \/ Induktionsherd<\/td><\/tr><\/tbody><\/table><\/figure>\n\n\n\n<h3 class=\"wp-block-heading\">Option f\u00fcr individuelles Kochgeschirr<\/h3>\n\n\n\n<figure class=\"wp-block-table\"><table class=\"has-fixed-layout\"><tbody><tr><td>Benutzerdefinierte Option<\/td><td>Einzelheiten<\/td><\/tr><tr><td>Logo<\/td><td>Gestalten Sie Ihr Markenlogo auf dem Produkt und der Verpackung.<\/td><\/tr><tr><td>Material<\/td><td>Dreifach-Stahl \/ Edelstahl 304 \/ Edelstahl 316<\/td><\/tr><tr><td>Beschichtung<\/td><td>Stahl Stahl \/ Wabe Physikalische Antihaftbeschichtung<\/td><\/tr><tr><td>Gr\u00f6\u00dfe<\/td><td>Anpassen der Gr\u00f6\u00dfe von Bratpfannen<\/td><\/tr><tr><td>Paket<\/td><td>Karton \/ Farbkarton<\/td><\/tr><\/tbody><\/table><\/figure>\n<\/div>\n<\/div>\n\n\n\n<div class=\"wp-block-columns is-layout-flex wp-container-core-columns-is-layout-9d6595d7 wp-block-columns-is-layout-flex\">\n<div class=\"wp-block-column is-layout-flow wp-block-column-is-layout-flow\">\n<figure class=\"wp-block-image size-full\"><img fetchpriority=\"high\" decoding=\"async\" width=\"790\" height=\"1029\" src=\"https:\/\/www.hg-cooker.com\/wp-content\/uploads\/2024\/07\/Non-stick-tri-ply-stainless-steel-wok-details-1.webp\" alt=\"Wok aus dreilagigem Edelstahl mit Antihaftbeschichtung Details (1)\" class=\"wp-image-5373\" srcset=\"https:\/\/www.hg-cooker.com\/wp-content\/uploads\/2024\/07\/Non-stick-tri-ply-stainless-steel-wok-details-1.webp 790w, https:\/\/www.hg-cooker.com\/wp-content\/uploads\/2024\/07\/Non-stick-tri-ply-stainless-steel-wok-details-1-115x150.webp 115w, https:\/\/www.hg-cooker.com\/wp-content\/uploads\/2024\/07\/Non-stick-tri-ply-stainless-steel-wok-details-1-507x660.webp 507w, https:\/\/www.hg-cooker.com\/wp-content\/uploads\/2024\/07\/Non-stick-tri-ply-stainless-steel-wok-details-1-230x300.webp 230w, https:\/\/www.hg-cooker.com\/wp-content\/uploads\/2024\/07\/Non-stick-tri-ply-stainless-steel-wok-details-1-768x1000.webp 768w, https:\/\/www.hg-cooker.com\/wp-content\/uploads\/2024\/07\/Non-stick-tri-ply-stainless-steel-wok-details-1-9x12.webp 9w, https:\/\/www.hg-cooker.com\/wp-content\/uploads\/2024\/07\/Non-stick-tri-ply-stainless-steel-wok-details-1-285x371.webp 285w\" sizes=\"(max-width: 790px) 100vw, 790px\" \/><\/figure>\n<\/div>\n\n\n\n<div class=\"wp-block-column is-layout-flow wp-block-column-is-layout-flow\">\n<figure class=\"wp-block-image size-full\"><img decoding=\"async\" width=\"790\" height=\"1029\" src=\"https:\/\/www.hg-cooker.com\/wp-content\/uploads\/2024\/07\/Non-stick-tri-ply-stainless-steel-wok-details-2.webp\" alt=\"Wok aus dreilagigem Edelstahl mit Antihaftbeschichtung Details (2)\" class=\"wp-image-5374\" srcset=\"https:\/\/www.hg-cooker.com\/wp-content\/uploads\/2024\/07\/Non-stick-tri-ply-stainless-steel-wok-details-2.webp 790w, https:\/\/www.hg-cooker.com\/wp-content\/uploads\/2024\/07\/Non-stick-tri-ply-stainless-steel-wok-details-2-115x150.webp 115w, https:\/\/www.hg-cooker.com\/wp-content\/uploads\/2024\/07\/Non-stick-tri-ply-stainless-steel-wok-details-2-507x660.webp 507w, https:\/\/www.hg-cooker.com\/wp-content\/uploads\/2024\/07\/Non-stick-tri-ply-stainless-steel-wok-details-2-230x300.webp 230w, https:\/\/www.hg-cooker.com\/wp-content\/uploads\/2024\/07\/Non-stick-tri-ply-stainless-steel-wok-details-2-768x1000.webp 768w, https:\/\/www.hg-cooker.com\/wp-content\/uploads\/2024\/07\/Non-stick-tri-ply-stainless-steel-wok-details-2-9x12.webp 9w, https:\/\/www.hg-cooker.com\/wp-content\/uploads\/2024\/07\/Non-stick-tri-ply-stainless-steel-wok-details-2-285x371.webp 285w\" sizes=\"(max-width: 790px) 100vw, 790px\" \/><\/figure>\n<\/div>\n<\/div>","protected":false},"excerpt":{"rendered":"<p>Gro\u00dfhandel Antihaft-Edelstahlwok aus drei Lagen. Die innere Oberfl\u00e4che ist mit einer physikalischen Antihaftbeschichtung versehen. Insgesamt hat eine gute W\u00e4rmeleitf\u00e4higkeit und Antihafteigenschaften, sehr geeignet f\u00fcr Kochaufgaben wie Braten und Pfannenr\u00fchren. Ausgestattet mit einem abnehmbaren Dampfgarer kann er zwei Arten des Kochens gleichzeitig ausf\u00fchren, geeignet f\u00fcr Hausk\u00fcchen und Restaurants. Nehmen Sie Kontakt mit uns auf.<\/p>\n<h3>Eigenschaften des Antihaft-Edelstahlwoks aus drei Schichten<\/h3>\n<div>\n<p><strong>Effizientes Kochen:<\/strong> Der Wok-Topf besteht aus dreifach rostfreiem Stahl, der eine bessere W\u00e4rmeleitf\u00e4higkeit als gew\u00f6hnliches Kochgeschirr hat und die Speisen beim Kochen gleichm\u00e4\u00dfig erhitzt.<\/p>\n<p><strong>Langlebig:<\/strong> Die Innenwand des Woks ist mit einer soliden Wabenbeschichtung versehen, die nicht am Topf klebt und keine Angst hat, vom Spatel zerkratzt zu werden, und sehr langlebig ist.<\/p>\n<p><strong>Abdeckung aus geh\u00e4rtetem Glas:<\/strong> Ausgestattet mit einer geh\u00e4rteten Glasabdeckung, die resistent gegen St\u00fcrze, hohe Temperaturen und nicht leicht zu brechen ist, ist es sicherer zu verwenden.<\/p>\n<p><strong>Vielseitig einsetzbar:<\/strong> Es eignet sich f\u00fcr Kochmethoden wie Braten, Pfannenr\u00fchren und Schmoren und unterst\u00fctzt eine Vielzahl von Herdarten wie Induktions-, Gas- und Strahlungsherde.<\/p>\n<p><strong>Ma\u00dfgeschneiderte L\u00f6sungen f\u00fcr Kochgeschirr:<\/strong> Als professioneller Kochgeschirrhersteller bietet Hengguang ma\u00dfgeschneiderte L\u00f6sungen f\u00fcr Kochgeschirr an, die kundenspezifische Kochgeschirrgr\u00f6\u00dfen, Beschichtungen, Zubeh\u00f6r, Griffe usw. unterst\u00fctzen.<\/p>\n<\/div>","protected":false},"featured_media":5369,"comment_status":"closed","ping_status":"closed","template":"","meta":[],"product_brand":[],"product_cat":[52],"product_tag":[],"class_list":{"0":"post-3934","1":"product","2":"type-product","3":"status-publish","4":"has-post-thumbnail","6":"product_cat-stainless-steel-cookware","8":"first","9":"instock","10":"shipping-taxable","11":"product-type-simple"},"_links":{"self":[{"href":"https:\/\/www.hg-cooker.com\/de\/wp-json\/wp\/v2\/product\/3934","targetHints":{"allow":["GET"]}}],"collection":[{"href":"https:\/\/www.hg-cooker.com\/de\/wp-json\/wp\/v2\/product"}],"about":[{"href":"https:\/\/www.hg-cooker.com\/de\/wp-json\/wp\/v2\/types\/product"}],"replies":[{"embeddable":true,"href":"https:\/\/www.hg-cooker.com\/de\/wp-json\/wp\/v2\/comments?post=3934"}],"wp:featuredmedia":[{"embeddable":true,"href":"https:\/\/www.hg-cooker.com\/de\/wp-json\/wp\/v2\/media\/5369"}],"wp:attachment":[{"href":"https:\/\/www.hg-cooker.com\/de\/wp-json\/wp\/v2\/media?parent=3934"}],"wp:term":[{"taxonomy":"product_brand","embeddable":true,"href":"https:\/\/www.hg-cooker.com\/de\/wp-json\/wp\/v2\/product_brand?post=3934"},{"taxonomy":"product_cat","embeddable":true,"href":"https:\/\/www.hg-cooker.com\/de\/wp-json\/wp\/v2\/product_cat?post=3934"},{"taxonomy":"product_tag","embeddable":true,"href":"https:\/\/www.hg-cooker.com\/de\/wp-json\/wp\/v2\/product_tag?post=3934"}],"curies":[{"name":"wp","href":"https:\/\/api.w.org\/{rel}","templated":true}]}}