{"id":3913,"date":"2025-09-09T10:22:51","date_gmt":"2025-09-09T10:22:51","guid":{"rendered":"https:\/\/www.hg-cooker.com\/?post_type=product&#038;p=3913"},"modified":"2025-09-13T01:42:48","modified_gmt":"2025-09-13T01:42:48","slug":"milchkannchen-aus-edelstahl-im-groshandel-3","status":"publish","type":"product","link":"https:\/\/www.hg-cooker.com\/de\/produkt\/milchkannchen-aus-edelstahl-im-groshandel-3\/","title":{"rendered":"Gro\u00dfhandel kommerziellen Edelstahl Kochgeschirr Sets, 3 St\u00fcck Kochgeschirr Set Fabrik Direktverkauf"},"content":{"rendered":"<div class=\"wp-block-columns is-layout-flex wp-container-core-columns-is-layout-9d6595d7 wp-block-columns-is-layout-flex\">\n<div class=\"wp-block-column is-layout-flow wp-block-column-is-layout-flow\">\n<h3 class=\"wp-block-heading\">Parameter von kommerziellen Kochgeschirr-Sets<\/h3>\n\n\n\n<figure class=\"wp-block-table\"><table class=\"has-fixed-layout\"><tbody><tr><td>Produktname<\/td><td>Tri-Ply-Edelstahl-Kochgeschirr-Set<\/td><\/tr><tr><td>Produkt Material<\/td><td>304-Edelstahl &amp; Tri-Ply-Verbundboden aus Edelstahl<\/td><\/tr><tr><td>Geeignete \u00d6fen<\/td><td>Strahlungsherd, Halogenofen, Gasherd, Induktionsherd<\/td><\/tr><\/tbody><\/table><\/figure>\n\n\n\n<h3 class=\"wp-block-heading\">Individuelle Kochgeschirr-Sets Optionen<\/h3>\n\n\n\n<p>Logo: Passen Sie Ihr Markenlogo auf Produkt und Verpackung an.<\/p>\n\n\n\n<p>Gr\u00f6\u00dfe: Kochgeschirrgr\u00f6\u00dfen anpassen<\/p>\n\n\n\n<p>Verpackung: Karton\/Farbkasten.<\/p>\n\n\n\n<p><a href=\"https:\/\/www.hg-cooker.com\/de\/custom-solution\/\" data-type=\"page\" data-id=\"2793\" target=\"_blank\" rel=\"noreferrer noopener\">Entdecken Sie weitere individuelle Kochgeschirrl\u00f6sungen. <\/a><\/p>\n<\/div>\n<\/div>\n\n\n\n<div class=\"wp-block-columns is-layout-flex wp-container-core-columns-is-layout-9d6595d7 wp-block-columns-is-layout-flex\">\n<div class=\"wp-block-column is-layout-flow wp-block-column-is-layout-flow\">\n<figure class=\"wp-block-image size-full\"><img fetchpriority=\"high\" decoding=\"async\" width=\"790\" height=\"1000\" src=\"https:\/\/www.hg-cooker.com\/wp-content\/uploads\/2024\/07\/Commercial-Cookware-Set-Detail-1.jpg\" alt=\"Kommerzielles Kochgeschirr-Set Detail (1)\" class=\"wp-image-4674\" srcset=\"https:\/\/www.hg-cooker.com\/wp-content\/uploads\/2024\/07\/Commercial-Cookware-Set-Detail-1.jpg 790w, https:\/\/www.hg-cooker.com\/wp-content\/uploads\/2024\/07\/Commercial-Cookware-Set-Detail-1-119x150.jpg 119w, https:\/\/www.hg-cooker.com\/wp-content\/uploads\/2024\/07\/Commercial-Cookware-Set-Detail-1-521x660.jpg 521w, https:\/\/www.hg-cooker.com\/wp-content\/uploads\/2024\/07\/Commercial-Cookware-Set-Detail-1-237x300.jpg 237w, https:\/\/www.hg-cooker.com\/wp-content\/uploads\/2024\/07\/Commercial-Cookware-Set-Detail-1-768x972.jpg 768w, https:\/\/www.hg-cooker.com\/wp-content\/uploads\/2024\/07\/Commercial-Cookware-Set-Detail-1-9x12.jpg 9w, https:\/\/www.hg-cooker.com\/wp-content\/uploads\/2024\/07\/Commercial-Cookware-Set-Detail-1-285x361.jpg 285w\" sizes=\"(max-width: 790px) 100vw, 790px\" \/><\/figure>\n<\/div>\n\n\n\n<div class=\"wp-block-column is-layout-flow wp-block-column-is-layout-flow\">\n<figure class=\"wp-block-image size-full\"><img decoding=\"async\" width=\"790\" height=\"1000\" src=\"https:\/\/www.hg-cooker.com\/wp-content\/uploads\/2024\/07\/Commercial-Cookware-Set-Detail-2.jpg\" alt=\"Kommerzielles Kochgeschirr-Set Detail (2)\" class=\"wp-image-4675\" srcset=\"https:\/\/www.hg-cooker.com\/wp-content\/uploads\/2024\/07\/Commercial-Cookware-Set-Detail-2.jpg 790w, https:\/\/www.hg-cooker.com\/wp-content\/uploads\/2024\/07\/Commercial-Cookware-Set-Detail-2-119x150.jpg 119w, https:\/\/www.hg-cooker.com\/wp-content\/uploads\/2024\/07\/Commercial-Cookware-Set-Detail-2-521x660.jpg 521w, https:\/\/www.hg-cooker.com\/wp-content\/uploads\/2024\/07\/Commercial-Cookware-Set-Detail-2-237x300.jpg 237w, https:\/\/www.hg-cooker.com\/wp-content\/uploads\/2024\/07\/Commercial-Cookware-Set-Detail-2-768x972.jpg 768w, https:\/\/www.hg-cooker.com\/wp-content\/uploads\/2024\/07\/Commercial-Cookware-Set-Detail-2-9x12.jpg 9w, https:\/\/www.hg-cooker.com\/wp-content\/uploads\/2024\/07\/Commercial-Cookware-Set-Detail-2-285x361.jpg 285w\" sizes=\"(max-width: 790px) 100vw, 790px\" \/><\/figure>\n<\/div>\n<\/div>","protected":false},"excerpt":{"rendered":"<p>Edelstahl-Kochgeschirrsets f\u00fcr den Gro\u00dfhandel, die den hohen Nutzungsanforderungen von Gro\u00dfk\u00fcchen wie Restaurants, Hotels und Catering-Ketten entsprechen. Unser Gro\u00dfhandel Kochgeschirr unterst\u00fctzt niedrige Mindestbestellmengen und bietet OEM und ODM kundenspezifische Kochgeschirr L\u00f6sungen. Willkommen bei uns.<\/p>\n<h3>Merkmale von Edelstahl-Kochgeschirr-Sets f\u00fcr den gewerblichen Einsatz<\/h3>\n<div>\n<p><strong>Anwendbar f\u00fcr gewerbliche K\u00fcchen:<\/strong> Dieses Edelstahl-Kochgeschirr besteht aus hochwertigem, verdicktem Edelstahl, der sich durch eine hohe Verformungsbest\u00e4ndigkeit auszeichnet und lange Zeit hohen Temperaturen standhalten kann. Es ist f\u00fcr den intensiven Einsatz in Gro\u00dfk\u00fcchen geeignet.<\/p>\n<p><strong>Leicht zu reinigen:<\/strong> Dieses gewerbliche Kochgeschirr hat eine hochglanzpolierte Innenwand, die sich besser reinigen l\u00e4sst und mit gewerblichen Geschirrsp\u00fclern kompatibel ist, was die Arbeitseffizienz erh\u00f6ht.<\/p>\n<p><strong>Abdeckung aus geh\u00e4rtetem Glas:<\/strong> Ausgestattet mit einer hochtemperaturbest\u00e4ndigen und nicht explosiven Abdeckung aus geh\u00e4rtetem Glas, kann er lange Zeit sicher verwendet werden, so dass der Koch den Kochstatus jederzeit beobachten kann.<\/p>\n<p><strong>Vielf\u00e4ltige Kombinationen:<\/strong> Das Set umfasst verschiedene Gr\u00f6\u00dfen (Suppent\u00f6pfe, Milcht\u00f6pfe, Schmort\u00f6pfe), um den Kochbedarf verschiedener kommerzieller Restaurants zu decken, und kann chinesische und westliche Gerichte kochen, vom Schmoren gro\u00dfer Gerichte bis zum Kochen von So\u00dfen.<\/p>\n<p><strong>Kundenspezifische OEM&amp;ODM Dienstleistungen:<\/strong> Hennguang bietet ma\u00dfgeschneiderte Dienstleistungen f\u00fcr Restaurants, Hotels und Catering-Unternehmen und stellt eine Vielzahl von Gr\u00f6\u00dfen, Beschichtungen und Verpackungsoptionen zur Verf\u00fcgung, die eine ideale Wahl f\u00fcr Hotels, Restaurants und Gro\u00dfh\u00e4ndler sind.<\/p>\n<\/div>","protected":false},"featured_media":4676,"comment_status":"closed","ping_status":"closed","template":"","meta":[],"product_brand":[],"product_cat":[52],"product_tag":[],"class_list":{"0":"post-3913","1":"product","2":"type-product","3":"status-publish","4":"has-post-thumbnail","6":"product_cat-stainless-steel-cookware","8":"first","9":"instock","10":"shipping-taxable","11":"product-type-simple"},"_links":{"self":[{"href":"https:\/\/www.hg-cooker.com\/de\/wp-json\/wp\/v2\/product\/3913","targetHints":{"allow":["GET"]}}],"collection":[{"href":"https:\/\/www.hg-cooker.com\/de\/wp-json\/wp\/v2\/product"}],"about":[{"href":"https:\/\/www.hg-cooker.com\/de\/wp-json\/wp\/v2\/types\/product"}],"replies":[{"embeddable":true,"href":"https:\/\/www.hg-cooker.com\/de\/wp-json\/wp\/v2\/comments?post=3913"}],"wp:featuredmedia":[{"embeddable":true,"href":"https:\/\/www.hg-cooker.com\/de\/wp-json\/wp\/v2\/media\/4676"}],"wp:attachment":[{"href":"https:\/\/www.hg-cooker.com\/de\/wp-json\/wp\/v2\/media?parent=3913"}],"wp:term":[{"taxonomy":"product_brand","embeddable":true,"href":"https:\/\/www.hg-cooker.com\/de\/wp-json\/wp\/v2\/product_brand?post=3913"},{"taxonomy":"product_cat","embeddable":true,"href":"https:\/\/www.hg-cooker.com\/de\/wp-json\/wp\/v2\/product_cat?post=3913"},{"taxonomy":"product_tag","embeddable":true,"href":"https:\/\/www.hg-cooker.com\/de\/wp-json\/wp\/v2\/product_tag?post=3913"}],"curies":[{"name":"wp","href":"https:\/\/api.w.org\/{rel}","templated":true}]}}