{"id":3890,"date":"2025-09-12T07:23:06","date_gmt":"2025-09-12T07:23:06","guid":{"rendered":"https:\/\/www.hg-cooker.com\/?post_type=product&#038;p=3890"},"modified":"2025-09-13T01:31:00","modified_gmt":"2025-09-13T01:31:00","slug":"milchkannchen-aus-edelstahl-im-groshandel-2","status":"publish","type":"product","link":"https:\/\/www.hg-cooker.com\/de\/produkt\/milchkannchen-aus-edelstahl-im-groshandel-2\/","title":{"rendered":"Gro\u00dfhandel hohe Qualit\u00e4t Edelstahl Eintopf Topf - Henguang K\u00fcche Kochgeschirr Hersteller"},"content":{"rendered":"<div class=\"wp-block-columns is-layout-flex wp-container-core-columns-is-layout-9d6595d7 wp-block-columns-is-layout-flex\">\n<div class=\"wp-block-column is-layout-flow wp-block-column-is-layout-flow\">\n<h3 class=\"wp-block-heading\">Parameter von Edelstahl Eintopf Topf<\/h3>\n\n\n\n<figure class=\"wp-block-table\"><table class=\"has-fixed-layout\"><tbody><tr><td>Produktname<\/td><td>Edelstahl Eintopf Topf<\/td><\/tr><tr><td>Produktspezifikationen<\/td><td>20cm \/ 22cm \/ 24cm \/ 26cm<\/td><\/tr><tr><td>Produkt Material<\/td><td>304 Edelstahl und dreilagiger Verbundstahl<\/td><\/tr><tr><td>Verf\u00fcgbare \u00d6fen<\/td><td>Strahlungsherd \/ Halogenherd \/ Gasherd \/ Induktionsherd<\/td><\/tr><\/tbody><\/table><\/figure>\n\n\n\n<h3 class=\"wp-block-heading\">Individuelle Kochgeschirr-Optionen<\/h3>\n\n\n\n<figure class=\"wp-block-table\"><table class=\"has-fixed-layout\"><tbody><tr><td>Benutzerdefinierte Optionen<\/td><td>Einzelheiten<\/td><\/tr><tr><td>Logo<\/td><td>Gestalten Sie Ihr Markenlogo auf Produkt und Verpackung.<\/td><\/tr><tr><td>Material<\/td><td>Dreifach-Edelstahl\/304-Edelstahl\/316-Edelstahl<\/td><\/tr><tr><td>Beschichtung<\/td><td>Antihaftbeschichtung\/Honeycomb Physikalische Antihaftbeschichtung\/Edelstahl (keine Beschichtung)<\/td><\/tr><tr><td>Gr\u00f6\u00dfe<\/td><td>Ma\u00dfgeschneiderte Kochgeschirrgr\u00f6\u00dfen<\/td><\/tr><tr><td>Verpackung<\/td><td>Karton, Farbkasten<\/td><\/tr><\/tbody><\/table><\/figure>\n<\/div>\n<\/div>\n\n\n\n<div class=\"wp-block-columns is-layout-flex wp-container-core-columns-is-layout-9d6595d7 wp-block-columns-is-layout-flex\">\n<div class=\"wp-block-column is-layout-flow wp-block-column-is-layout-flow\">\n<figure class=\"wp-block-image size-full\"><img fetchpriority=\"high\" decoding=\"async\" width=\"790\" height=\"1111\" src=\"https:\/\/www.hg-cooker.com\/wp-content\/uploads\/2024\/07\/stew-pot-detail-no-coating.webp\" alt=\"Kochtopf Detail - ohne Beschichtung\" class=\"wp-image-4634\" srcset=\"https:\/\/www.hg-cooker.com\/wp-content\/uploads\/2024\/07\/stew-pot-detail-no-coating.webp 790w, https:\/\/www.hg-cooker.com\/wp-content\/uploads\/2024\/07\/stew-pot-detail-no-coating-107x150.webp 107w, https:\/\/www.hg-cooker.com\/wp-content\/uploads\/2024\/07\/stew-pot-detail-no-coating-469x660.webp 469w, https:\/\/www.hg-cooker.com\/wp-content\/uploads\/2024\/07\/stew-pot-detail-no-coating-213x300.webp 213w, https:\/\/www.hg-cooker.com\/wp-content\/uploads\/2024\/07\/stew-pot-detail-no-coating-768x1080.webp 768w, https:\/\/www.hg-cooker.com\/wp-content\/uploads\/2024\/07\/stew-pot-detail-no-coating-9x12.webp 9w, https:\/\/www.hg-cooker.com\/wp-content\/uploads\/2024\/07\/stew-pot-detail-no-coating-285x401.webp 285w\" sizes=\"(max-width: 790px) 100vw, 790px\" \/><\/figure>\n<\/div>\n\n\n\n<div class=\"wp-block-column is-layout-flow wp-block-column-is-layout-flow\">\n<figure class=\"wp-block-image size-full\"><img decoding=\"async\" width=\"790\" height=\"1111\" src=\"https:\/\/www.hg-cooker.com\/wp-content\/uploads\/2024\/07\/stew-pot-detail-tempered-glass-lid.webp\" alt=\"Kochtopf Detail - Deckel aus geh\u00e4rtetem Glas\" class=\"wp-image-4635\" srcset=\"https:\/\/www.hg-cooker.com\/wp-content\/uploads\/2024\/07\/stew-pot-detail-tempered-glass-lid.webp 790w, https:\/\/www.hg-cooker.com\/wp-content\/uploads\/2024\/07\/stew-pot-detail-tempered-glass-lid-107x150.webp 107w, https:\/\/www.hg-cooker.com\/wp-content\/uploads\/2024\/07\/stew-pot-detail-tempered-glass-lid-469x660.webp 469w, https:\/\/www.hg-cooker.com\/wp-content\/uploads\/2024\/07\/stew-pot-detail-tempered-glass-lid-213x300.webp 213w, https:\/\/www.hg-cooker.com\/wp-content\/uploads\/2024\/07\/stew-pot-detail-tempered-glass-lid-768x1080.webp 768w, https:\/\/www.hg-cooker.com\/wp-content\/uploads\/2024\/07\/stew-pot-detail-tempered-glass-lid-9x12.webp 9w, https:\/\/www.hg-cooker.com\/wp-content\/uploads\/2024\/07\/stew-pot-detail-tempered-glass-lid-285x401.webp 285w\" sizes=\"(max-width: 790px) 100vw, 790px\" \/><\/figure>\n<\/div>\n<\/div>","protected":false},"excerpt":{"rendered":"<p>Hengguang ist ein professioneller Hersteller von Kochgeschirr. Wir bieten hochwertige Edelstahl-Topf zum Verkauf. Perfekt erf\u00fcllt Kochaufgaben wie Suppe kochen, Fleisch schmoren, Gem\u00fcse kochen, usw., geeignet f\u00fcr Gro\u00dfk\u00fcchen oder Hausk\u00fcchen. Wir bieten Gro\u00dfhandel Edelstahl Eintopf Topf zu Fabrikpreisen, willkommen, uns zu kontaktieren.<\/p>\n<h3>Eigenschaften des Edelstahltopfs<\/h3>\n<div>\n<p><strong>Unbeschichtetes Design:<\/strong> Dieser Edelstahltopf hat keine Beschichtung, was ihn langlebiger und f\u00fcr h\u00e4ufig genutzte Gro\u00dfk\u00fcchen geeignet macht, und kann den nat\u00fcrlichen Geschmack der Zutaten bewahren.<\/p>\n<p><strong>Geeignet f\u00fcr verschiedene \u00d6fen:<\/strong> Dieser Edelstahltopf kann an eine Vielzahl von Herdarten angepasst werden, z. B. an Strahlungsherde, Halogenherde, Gasherde und Induktionsherde usw., um eine Vielzahl von Nutzungsszenarien zu erf\u00fcllen.<\/p>\n<p><strong>Dreilagiges Material aus rostfreiem Stahl:<\/strong> Der Kochtopf ist aus dreifachem Edelstahl gefertigt, und die Kombination aus der \u00e4u\u00dferen Edelstahl- und Aluminiumschicht erh\u00f6ht die W\u00e4rmeleitf\u00e4higkeit und Haltbarkeit des Topfes.<\/p>\n<p><strong>Glasdeckel aus Verbundstahl:<\/strong> Ausgestattet mit einem hochtemperaturbest\u00e4ndigen Glasdeckel, h\u00e4lt er hohen Temperaturen stand und vermeidet das Risiko, dass der Glasdeckel bricht. Das transparente Design erm\u00f6glicht es Ihnen, die Ver\u00e4nderungen der Lebensmittel w\u00e4hrend des Kochens leicht zu beobachten.<\/p>\n<p><strong>OEM&amp;ODM-Dienstleistung:<\/strong> Hengguang ist ein Kochgeschirrhersteller aus China. Wir unterst\u00fctzen OEM und ODM kundenspezifische L\u00f6sungen, um Ihre Gro\u00dfeink\u00e4ufe und personalisierten Designs durch starke Produktionskapazit\u00e4ten zu erf\u00fcllen.<\/p>\n<p><a href=\"https:\/\/www.hg-cooker.com\/de\/benutzerdefinierte-sulution\/\" target=\"_blank\" rel=\"noopener\"><strong>Erfahren Sie mehr \u00fcber individuelle Kochgeschirrl\u00f6sungen.<\/strong><\/a><\/p>\n<\/div>","protected":false},"featured_media":4636,"comment_status":"open","ping_status":"closed","template":"","meta":[],"product_brand":[],"product_cat":[52],"product_tag":[],"class_list":{"0":"post-3890","1":"product","2":"type-product","3":"status-publish","4":"has-post-thumbnail","6":"product_cat-stainless-steel-cookware","8":"first","9":"instock","10":"shipping-taxable","11":"product-type-simple"},"_links":{"self":[{"href":"https:\/\/www.hg-cooker.com\/de\/wp-json\/wp\/v2\/product\/3890","targetHints":{"allow":["GET"]}}],"collection":[{"href":"https:\/\/www.hg-cooker.com\/de\/wp-json\/wp\/v2\/product"}],"about":[{"href":"https:\/\/www.hg-cooker.com\/de\/wp-json\/wp\/v2\/types\/product"}],"replies":[{"embeddable":true,"href":"https:\/\/www.hg-cooker.com\/de\/wp-json\/wp\/v2\/comments?post=3890"}],"wp:featuredmedia":[{"embeddable":true,"href":"https:\/\/www.hg-cooker.com\/de\/wp-json\/wp\/v2\/media\/4636"}],"wp:attachment":[{"href":"https:\/\/www.hg-cooker.com\/de\/wp-json\/wp\/v2\/media?parent=3890"}],"wp:term":[{"taxonomy":"product_brand","embeddable":true,"href":"https:\/\/www.hg-cooker.com\/de\/wp-json\/wp\/v2\/product_brand?post=3890"},{"taxonomy":"product_cat","embeddable":true,"href":"https:\/\/www.hg-cooker.com\/de\/wp-json\/wp\/v2\/product_cat?post=3890"},{"taxonomy":"product_tag","embeddable":true,"href":"https:\/\/www.hg-cooker.com\/de\/wp-json\/wp\/v2\/product_tag?post=3890"}],"curies":[{"name":"wp","href":"https:\/\/api.w.org\/{rel}","templated":true}]}}