{"id":3467,"date":"2025-09-08T14:46:06","date_gmt":"2025-09-08T14:46:06","guid":{"rendered":"https:\/\/www.hg-cooker.com\/?post_type=product&#038;p=3467"},"modified":"2025-09-13T01:39:33","modified_gmt":"2025-09-13T01:39:33","slug":"milchkannchen-aus-edelstahl-im-groshandel","status":"publish","type":"product","link":"https:\/\/www.hg-cooker.com\/de\/produkt\/milchkannchen-aus-edelstahl-im-groshandel\/","title":{"rendered":"Gro\u00dfhandel Tri Ply Edelstahl Milchtopf -Hengguang Kochgeschirr Hersteller"},"content":{"rendered":"<h3 class=\"wp-block-heading\">Parameter der Edelstahl-Milchkanne<\/h3>\n\n\n\n<figure class=\"wp-block-table\"><table class=\"has-fixed-layout\"><tbody><tr><td>Produktname<\/td><td>304 Kompositstahl Milchkanne<\/td><\/tr><tr><td>Produktspezifikationen<\/td><td>14cm \/ 16cm \/ 18cm<\/td><\/tr><tr><td>Material<\/td><td>304 Edelstahl und dreilagiger Edelstahl-Verbundwerkstoff<\/td><\/tr><tr><td>Geeigneter Herd<\/td><td>Strahlungsherd \/ Halogenofen \/ Gasherd \/ Induktionsherd<\/td><\/tr><\/tbody><\/table><\/figure>\n\n\n\n<figure class=\"wp-block-table\"><table><tbody><tr><td>Gr\u00f6\u00dfen<\/td><td>\u00c4u\u00dferer Durchmesser<\/td><td>Innendurchmesser<\/td><td>L\u00e4nge des Griffs<\/td><td>Topf K\u00f6rperh\u00f6he<\/td><td>Heizungs-Durchmesser<\/td><td>Nettogewicht<\/td><\/tr><tr><td>14cm Milchkanne<\/td><td>15,5 cm<\/td><td>14cm<\/td><td>16,2 cm<\/td><td>8,1 cm<\/td><td>13cm<\/td><td>0.80kg<\/td><\/tr><tr><td>16cm Milchkanne<\/td><td>17,5 cm<\/td><td>16cm<\/td><td>16,2 cm<\/td><td>8,3 cm<\/td><td>14,5 cm<\/td><td>0.97kg<\/td><\/tr><tr><td>18cm Milchkanne<\/td><td>19,5 cm<\/td><td>18cm<\/td><td>16,2 cm<\/td><td>9,1 cm<\/td><td>16,5 cm<\/td><td>1,13 kg<\/td><\/tr><\/tbody><\/table><figcaption class=\"wp-element-caption\">Kochender Milchtopf aus Edelstahl <\/figcaption><\/figure>\n\n\n\n<h3 class=\"wp-block-heading\">Kundenspezifische Optionen f\u00fcr Edelstahl-Milchkannen<\/h3>\n\n\n\n<figure class=\"wp-block-table\"><table class=\"has-fixed-layout\"><tbody><tr><td>Benutzerdefinierte Optionen<\/td><td>Einzelheiten<\/td><\/tr><tr><td>Logo<\/td><td>Gestalten Sie Ihr Markenlogo auf Produkt und Verpackung.<\/td><\/tr><tr><td>Material<\/td><td>Dreifach-Edelstahl\/304-Edelstahl\/316-Edelstahl<\/td><\/tr><tr><td>Beschichtung<\/td><td>Antihaftbeschichtung\/Honeycomb Physikalische Antihaftbeschichtung\/Edelstahl (keine Beschichtung)<\/td><\/tr><tr><td>Gr\u00f6\u00dfe<\/td><td>Ma\u00dfgeschneiderte Kochgeschirrgr\u00f6\u00dfen<\/td><\/tr><tr><td>Verpackung<\/td><td>Karton, Farbkasten<\/td><\/tr><\/tbody><\/table><\/figure>\n\n\n\n<div class=\"wp-block-columns is-layout-flex wp-container-core-columns-is-layout-9d6595d7 wp-block-columns-is-layout-flex\">\n<div class=\"wp-block-column is-layout-flow wp-block-column-is-layout-flow\">\n<figure class=\"wp-block-image size-full\"><img fetchpriority=\"high\" decoding=\"async\" width=\"790\" height=\"1062\" src=\"https:\/\/www.hg-cooker.com\/wp-content\/uploads\/2024\/06\/stainless-steel-detail-1.png\" alt=\"Detail aus rostfreiem Stahl\" class=\"wp-image-4631\" srcset=\"https:\/\/www.hg-cooker.com\/wp-content\/uploads\/2024\/06\/stainless-steel-detail-1.png 790w, https:\/\/www.hg-cooker.com\/wp-content\/uploads\/2024\/06\/stainless-steel-detail-1-112x150.png 112w, https:\/\/www.hg-cooker.com\/wp-content\/uploads\/2024\/06\/stainless-steel-detail-1-491x660.png 491w, https:\/\/www.hg-cooker.com\/wp-content\/uploads\/2024\/06\/stainless-steel-detail-1-223x300.png 223w, https:\/\/www.hg-cooker.com\/wp-content\/uploads\/2024\/06\/stainless-steel-detail-1-768x1032.png 768w, https:\/\/www.hg-cooker.com\/wp-content\/uploads\/2024\/06\/stainless-steel-detail-1-9x12.png 9w, https:\/\/www.hg-cooker.com\/wp-content\/uploads\/2024\/06\/stainless-steel-detail-1-285x383.png 285w\" sizes=\"(max-width: 790px) 100vw, 790px\" \/><\/figure>\n<\/div>\n\n\n\n<div class=\"wp-block-column is-layout-flow wp-block-column-is-layout-flow\">\n<figure class=\"wp-block-image size-full\"><img decoding=\"async\" width=\"790\" height=\"1062\" src=\"https:\/\/www.hg-cooker.com\/wp-content\/uploads\/2024\/06\/stainless-steel-detail.webp\" alt=\"Detail aus rostfreiem Stahl\" class=\"wp-image-4628\" srcset=\"https:\/\/www.hg-cooker.com\/wp-content\/uploads\/2024\/06\/stainless-steel-detail.webp 790w, https:\/\/www.hg-cooker.com\/wp-content\/uploads\/2024\/06\/stainless-steel-detail-112x150.webp 112w, https:\/\/www.hg-cooker.com\/wp-content\/uploads\/2024\/06\/stainless-steel-detail-491x660.webp 491w, https:\/\/www.hg-cooker.com\/wp-content\/uploads\/2024\/06\/stainless-steel-detail-223x300.webp 223w, https:\/\/www.hg-cooker.com\/wp-content\/uploads\/2024\/06\/stainless-steel-detail-768x1032.webp 768w, https:\/\/www.hg-cooker.com\/wp-content\/uploads\/2024\/06\/stainless-steel-detail-9x12.webp 9w, https:\/\/www.hg-cooker.com\/wp-content\/uploads\/2024\/06\/stainless-steel-detail-285x383.webp 285w\" sizes=\"(max-width: 790px) 100vw, 790px\" \/><\/figure>\n<\/div>\n<\/div>","protected":false},"excerpt":{"rendered":"<p>Gro\u00dfhandel hochwertige Edelstahl-Milchkanne, diese Milchkanne K\u00f6rper ist aus dreifachem Edelstahl, die f\u00fcr verschiedene Herde, einschlie\u00dflich Induktionsherde, Gasherde, etc. verwendet werden kann, und kann weit in Hausk\u00fcchen, Caf\u00e9s, Restaurants und anderen Orten verwendet werden. Bitte kontaktieren Sie uns f\u00fcr ein Angebot.<\/p>\n<h2>Eigenschaften von Tri Ply Edelstahl-Milchkanne<\/h2>\n<div>\n<p><strong>Ergonomisch gestalteter Griff:<\/strong> Der Griff dieses Edelstahl-Milchk\u00e4nnchens liegt gut in der Hand, so dass man beim Ausgie\u00dfen der Milch nicht ausrutschen und sich nicht verbr\u00fchen kann.<\/p>\n<p><strong>Leicht zu reinigen:<\/strong> Die Innenwand des Milchk\u00e4nnchens ist poliert, die Oberfl\u00e4che ist glatt, leicht zu reinigen und kann in der Sp\u00fclmaschine gereinigt werden, was Ihre Zeit spart.<\/p>\n<p><strong>Umweltfreundliches und gesundes Material:<\/strong> Die Milch ist aus eingedicktem, lebensmittelechtem Edelstahl hergestellt, der keine PFAS enth\u00e4lt. Im Vergleich zu T\u00f6pfen mit Beschichtungen ist sie umweltfreundlicher und ges\u00fcnder.<\/p>\n<p><strong>Flexible Auswahl:<\/strong> Wir bieten Edelstahl-Milchkannen in verschiedenen Gr\u00f6\u00dfen (14cm\/16cm\/18cm) an, um den Kochbed\u00fcrfnissen verschiedener Familien und Restaurants gerecht zu werden.<\/p>\n<p><strong>Vielseitig einsetzbar:<\/strong> Der Milchtopf kann eine Vielzahl von Lebensmitteln kochen, darunter Milch, hei\u00dfe Schokolade oder Kakao, Butter, aber auch Br\u00fche und Ramen-Nudeln<\/p>\n<p><strong>OEM&amp;ODM-Dienstleistung:<\/strong> Wir bieten ma\u00dfgeschneiderte Kochgeschirrl\u00f6sungen f\u00fcr Gro\u00dfauftr\u00e4ge, um Ihnen bei der Entwicklung einzigartiger Produkte zu helfen und Ihre Wettbewerbsf\u00e4higkeit auf dem Markt zu verbessern.<\/p>\n<\/div>","protected":false},"featured_media":4629,"comment_status":"closed","ping_status":"closed","template":"","meta":[],"product_brand":[],"product_cat":[52],"product_tag":[],"class_list":{"0":"post-3467","1":"product","2":"type-product","3":"status-publish","4":"has-post-thumbnail","6":"product_cat-stainless-steel-cookware","8":"first","9":"instock","10":"shipping-taxable","11":"product-type-simple"},"_links":{"self":[{"href":"https:\/\/www.hg-cooker.com\/de\/wp-json\/wp\/v2\/product\/3467","targetHints":{"allow":["GET"]}}],"collection":[{"href":"https:\/\/www.hg-cooker.com\/de\/wp-json\/wp\/v2\/product"}],"about":[{"href":"https:\/\/www.hg-cooker.com\/de\/wp-json\/wp\/v2\/types\/product"}],"replies":[{"embeddable":true,"href":"https:\/\/www.hg-cooker.com\/de\/wp-json\/wp\/v2\/comments?post=3467"}],"wp:featuredmedia":[{"embeddable":true,"href":"https:\/\/www.hg-cooker.com\/de\/wp-json\/wp\/v2\/media\/4629"}],"wp:attachment":[{"href":"https:\/\/www.hg-cooker.com\/de\/wp-json\/wp\/v2\/media?parent=3467"}],"wp:term":[{"taxonomy":"product_brand","embeddable":true,"href":"https:\/\/www.hg-cooker.com\/de\/wp-json\/wp\/v2\/product_brand?post=3467"},{"taxonomy":"product_cat","embeddable":true,"href":"https:\/\/www.hg-cooker.com\/de\/wp-json\/wp\/v2\/product_cat?post=3467"},{"taxonomy":"product_tag","embeddable":true,"href":"https:\/\/www.hg-cooker.com\/de\/wp-json\/wp\/v2\/product_tag?post=3467"}],"curies":[{"name":"wp","href":"https:\/\/api.w.org\/{rel}","templated":true}]}}