{"id":3156,"date":"2025-09-04T10:19:23","date_gmt":"2025-09-04T10:19:23","guid":{"rendered":"https:\/\/www.hg-cooker.com\/?post_type=product&#038;p=3156"},"modified":"2025-09-13T02:01:52","modified_gmt":"2025-09-13T02:01:52","slug":"wholesale-stainless-steel-honeycomb-frying-pan","status":"publish","type":"product","link":"https:\/\/www.hg-cooker.com\/de\/produkt\/wholesale-stainless-steel-honeycomb-frying-pan\/","title":{"rendered":"Gro\u00dfhandel Wabenbratpfanne, Bulk Antihaft-Edelstahl Bratpfanne zu verkaufen"},"content":{"rendered":"<h3 class=\"wp-block-heading\">Parameter der Wabenbratpfanne<\/h3>\n\n\n\n<figure class=\"wp-block-table\"><table class=\"has-fixed-layout\"><tbody><tr><td>Produktname<\/td><td>Wabenbratpfanne aus Edelstahl<\/td><\/tr><tr><td>Produktspezifikationen<\/td><td>24cm \/ 26cm<\/td><\/tr><tr><td>Produkt Material<\/td><td>304 Edelstahl &amp; dreilagiger Edelstahl-Verbundwerkstoff<\/td><\/tr><tr><td>Geeignete \u00d6fen<\/td><td>Strahlungsherd, Halogenherd, Gasherd, Induktionsherd<\/td><\/tr><\/tbody><\/table><\/figure>\n\n\n\n<figure class=\"wp-block-table\"><table><tbody><tr><td class=\"has-text-align-center\" data-align=\"center\">Gr\u00f6\u00dfen<\/td><td>\u00c4u\u00dferer Durchmesser<\/td><td>Innendurchmesser<\/td><td>L\u00e4nge des Griffs<\/td><td>Topf K\u00f6rperh\u00f6he<\/td><td>Heizungs-Durchmesser<\/td><td>Nettogewicht<\/td><\/tr><tr><td class=\"has-text-align-center\" data-align=\"center\">24cm Bratpfanne<\/td><td>21,5 cm<\/td><td>20cm<\/td><td>4,5 cm<\/td><td>10cm<\/td><td>20cm<\/td><td>1.479kg<\/td><\/tr><tr><td class=\"has-text-align-center\" data-align=\"center\">26cm Bratpfanne<\/td><td>23,5 cm<\/td><td>22cm<\/td><td>4,5 cm<\/td><td>11,2 cm<\/td><td>22cm<\/td><td>1.696kg<\/td><\/tr><\/tbody><\/table><\/figure>\n\n\n\n<h3 class=\"wp-block-heading\">Individuelle Kochgeschirr-Option<\/h3>\n\n\n\n<figure class=\"wp-block-table\"><table class=\"has-fixed-layout\"><tbody><tr><td>Benutzerdefinierte Optionen<\/td><td>Einzelheiten<\/td><\/tr><tr><td>Logo<\/td><td>Gestalten Sie Ihr Markenlogo auf Produkt und Verpackung.<\/td><\/tr><tr><td>Material<\/td><td>Dreifach-Edelstahl, Edelstahl 304, Edelstahl 316<\/td><\/tr><tr><td>Beschichtung<\/td><td>Antihaftbeschichtung, Stahl, Wabe Physikalische Antihaftbeschichtung<\/td><\/tr><tr><td>Gr\u00f6\u00dfe<\/td><td>Passen Sie die verschiedenen Gr\u00f6\u00dfen des Kochgeschirrsets an Ihre Bed\u00fcrfnisse an.<\/td><\/tr><tr><td>Paket<\/td><td>Karton, Farbkasten<\/td><\/tr><\/tbody><\/table><\/figure>\n\n\n\n<div class=\"wp-block-columns is-layout-flex wp-container-core-columns-is-layout-9d6595d7 wp-block-columns-is-layout-flex\">\n<div class=\"wp-block-column is-layout-flow wp-block-column-is-layout-flow\">\n<figure class=\"wp-block-image size-full\"><img fetchpriority=\"high\" decoding=\"async\" width=\"790\" height=\"1164\" src=\"https:\/\/www.hg-cooker.com\/wp-content\/uploads\/2024\/06\/Honeycomb-Frying-Pan-Detail.webp\" alt=\"Wabenbratpfanne Detail\" class=\"wp-image-4609\" srcset=\"https:\/\/www.hg-cooker.com\/wp-content\/uploads\/2024\/06\/Honeycomb-Frying-Pan-Detail.webp 790w, https:\/\/www.hg-cooker.com\/wp-content\/uploads\/2024\/06\/Honeycomb-Frying-Pan-Detail-102x150.webp 102w, https:\/\/www.hg-cooker.com\/wp-content\/uploads\/2024\/06\/Honeycomb-Frying-Pan-Detail-448x660.webp 448w, https:\/\/www.hg-cooker.com\/wp-content\/uploads\/2024\/06\/Honeycomb-Frying-Pan-Detail-204x300.webp 204w, https:\/\/www.hg-cooker.com\/wp-content\/uploads\/2024\/06\/Honeycomb-Frying-Pan-Detail-768x1132.webp 768w, https:\/\/www.hg-cooker.com\/wp-content\/uploads\/2024\/06\/Honeycomb-Frying-Pan-Detail-8x12.webp 8w, https:\/\/www.hg-cooker.com\/wp-content\/uploads\/2024\/06\/Honeycomb-Frying-Pan-Detail-285x420.webp 285w\" sizes=\"(max-width: 790px) 100vw, 790px\" \/><\/figure>\n<\/div>\n\n\n\n<div class=\"wp-block-column is-layout-flow wp-block-column-is-layout-flow\">\n<figure class=\"wp-block-image size-full\"><img decoding=\"async\" width=\"790\" height=\"1164\" src=\"https:\/\/www.hg-cooker.com\/wp-content\/uploads\/2024\/06\/Honeycomb-Frying-Pan-Detail.png\" alt=\"Wabenbratpfanne Detail\" class=\"wp-image-4608\" srcset=\"https:\/\/www.hg-cooker.com\/wp-content\/uploads\/2024\/06\/Honeycomb-Frying-Pan-Detail.png 790w, https:\/\/www.hg-cooker.com\/wp-content\/uploads\/2024\/06\/Honeycomb-Frying-Pan-Detail-102x150.png 102w, https:\/\/www.hg-cooker.com\/wp-content\/uploads\/2024\/06\/Honeycomb-Frying-Pan-Detail-448x660.png 448w, https:\/\/www.hg-cooker.com\/wp-content\/uploads\/2024\/06\/Honeycomb-Frying-Pan-Detail-204x300.png 204w, https:\/\/www.hg-cooker.com\/wp-content\/uploads\/2024\/06\/Honeycomb-Frying-Pan-Detail-768x1132.png 768w, https:\/\/www.hg-cooker.com\/wp-content\/uploads\/2024\/06\/Honeycomb-Frying-Pan-Detail-8x12.png 8w, https:\/\/www.hg-cooker.com\/wp-content\/uploads\/2024\/06\/Honeycomb-Frying-Pan-Detail-285x420.png 285w\" sizes=\"(max-width: 790px) 100vw, 790px\" \/><\/figure>\n<\/div>\n<\/div>","protected":false},"excerpt":{"rendered":"<p>Gro\u00dfhandel Edelstahl Wabenbratpfanne, diese Bratpfanne verwendet eine einzigartige dreidimensionale Wabenmuster Design, um effektiv den Kontakt zwischen Lebensmitteln und dem Boden der Pfanne zu reduzieren, zu vermeiden, kleben, und die Reinigung zu erleichtern. Der Pfannenk\u00f6rper besteht aus dreifach rostfreiem Stahl, der eine gute W\u00e4rmeleitf\u00e4higkeit und Haltbarkeit aufweist und eine ausgezeichnete Wahl f\u00fcr Gro\u00dfk\u00fcchen ist.<\/p>\n<h3>Eigenschaften der Antihaft-Wabenbratpfanne<\/h3>\n<div>\n<p><strong>Physikalische Antihaftwirkung:<\/strong> Die Gro\u00dfhandelsbratpfanne verf\u00fcgt \u00fcber ein dreidimensionales Wabenmuster, um einen physikalischen Antihafteffekt zu erzielen, der ein Anhaften verhindert, den Topf leicht zu reinigen macht und die Reinigungszeit reduziert.<\/p>\n<p><strong>Ausgezeichnete W\u00e4rmeleitf\u00e4higkeit:<\/strong> Aus dreifach rostfreiem Stahl mit eingebauter Aluminiumschicht, die eine bessere W\u00e4rmeleitf\u00e4higkeit aufweist und die Speisen gleichm\u00e4\u00dfig erhitzt, was die Kocheffizienz verbessert.<\/p>\n<p><strong>Breite Anwendbarkeit:<\/strong> Er eignet sich f\u00fcr eine Vielzahl von Herden, darunter Induktionsherde, Gasherde, Strahlungsherde usw., und ist in verschiedenen K\u00fcchen weit verbreitet, um den Bed\u00fcrfnissen der verschiedenen Benutzer gerecht zu werden.<\/p>\n<p><strong>Eingedicktes Material:<\/strong> Diese Wabenbratpfanne besteht aus verdicktem, hochwertigem Edelstahl, der haltbarer ist als gew\u00f6hnliches Edelstahlgeschirr und eine l\u00e4ngere Lebensdauer hat, besonders geeignet f\u00fcr gewerbliche Restaurants mit h\u00e4ufigem Gebrauch.<\/p>\n<p><strong>OEM&amp;ODM-Dienstleistung:<\/strong> Der Kochgeschirrhersteller Henguang bietet ma\u00dfgeschneiderte L\u00f6sungen f\u00fcr Bratpfannen aus einer Hand an, die sich f\u00fcr Hotels und Gro\u00dfh\u00e4ndler eignen, die individuelle Dienstleistungen ben\u00f6tigen.<\/p>\n<p><a href=\"https:\/\/www.hg-cooker.com\/de\/benutzerdefinierte-sulution\/\" target=\"_blank\" rel=\"noopener\"><strong>Erfahren Sie mehr \u00fcber individuelle Kochgeschirrl\u00f6sungen.<\/strong><\/a><\/p>\n<\/div>","protected":false},"featured_media":4610,"comment_status":"closed","ping_status":"closed","template":"","meta":[],"product_brand":[],"product_cat":[52],"product_tag":[],"class_list":{"0":"post-3156","1":"product","2":"type-product","3":"status-publish","4":"has-post-thumbnail","6":"product_cat-stainless-steel-cookware","8":"first","9":"instock","10":"shipping-taxable","11":"product-type-simple"},"_links":{"self":[{"href":"https:\/\/www.hg-cooker.com\/de\/wp-json\/wp\/v2\/product\/3156","targetHints":{"allow":["GET"]}}],"collection":[{"href":"https:\/\/www.hg-cooker.com\/de\/wp-json\/wp\/v2\/product"}],"about":[{"href":"https:\/\/www.hg-cooker.com\/de\/wp-json\/wp\/v2\/types\/product"}],"replies":[{"embeddable":true,"href":"https:\/\/www.hg-cooker.com\/de\/wp-json\/wp\/v2\/comments?post=3156"}],"wp:featuredmedia":[{"embeddable":true,"href":"https:\/\/www.hg-cooker.com\/de\/wp-json\/wp\/v2\/media\/4610"}],"wp:attachment":[{"href":"https:\/\/www.hg-cooker.com\/de\/wp-json\/wp\/v2\/media?parent=3156"}],"wp:term":[{"taxonomy":"product_brand","embeddable":true,"href":"https:\/\/www.hg-cooker.com\/de\/wp-json\/wp\/v2\/product_brand?post=3156"},{"taxonomy":"product_cat","embeddable":true,"href":"https:\/\/www.hg-cooker.com\/de\/wp-json\/wp\/v2\/product_cat?post=3156"},{"taxonomy":"product_tag","embeddable":true,"href":"https:\/\/www.hg-cooker.com\/de\/wp-json\/wp\/v2\/product_tag?post=3156"}],"curies":[{"name":"wp","href":"https:\/\/api.w.org\/{rel}","templated":true}]}}